{"id":1512,"date":"2025-08-21T16:14:22","date_gmt":"2025-08-21T16:14:22","guid":{"rendered":"https:\/\/lacumbreglobaldeliderazgo.org\/?page_id=1512"},"modified":"2025-08-21T18:47:21","modified_gmt":"2025-08-21T18:47:21","slug":"juliet-funt","status":"publish","type":"page","link":"https:\/\/lacumbreglobaldeliderazgo.org\/?page_id=1512","title":{"rendered":"JULIET FUNT"},"content":{"rendered":"\t\t<div data-elementor-type=\"wp-page\" data-elementor-id=\"1512\" class=\"elementor elementor-1512\">\n\t\t\t\t<div class=\"elementor-element elementor-element-d5d87ec elementor-hidden-tablet elementor-hidden-mobile e-flex e-con-boxed e-con e-parent\" data-id=\"d5d87ec\" data-element_type=\"container\" data-e-type=\"container\">\n\t\t\t\t\t<div class=\"e-con-inner\">\n\t\t<div class=\"elementor-element elementor-element-613e3f3 e-con-full e-flex e-con e-child\" data-id=\"613e3f3\" data-element_type=\"container\" data-e-type=\"container\">\n\t\t\t\t<div class=\"elementor-element elementor-element-bfe6361 elementor-widget elementor-widget-heading\" data-id=\"bfe6361\" data-element_type=\"widget\" data-e-type=\"widget\" data-widget_type=\"heading.default\">\n\t\t\t\t<div class=\"elementor-widget-container\">\n\t\t\t\t\t<h2 class=\"elementor-heading-title elementor-size-default\">JULIET FUNT<\/h2>\t\t\t\t<\/div>\n\t\t\t\t<\/div>\n\t\t\t\t<div class=\"elementor-element elementor-element-baf628c elementor-widget elementor-widget-heading\" data-id=\"baf628c\" data-element_type=\"widget\" data-e-type=\"widget\" data-widget_type=\"heading.default\">\n\t\t\t\t<div class=\"elementor-widget-container\">\n\t\t\t\t\t<h2 class=\"elementor-heading-title elementor-size-default\">FUNDADORA Y DIRECTORA GENERAL (CEO) de Juliet Funt Group;\nEXPERTA EN DESEMPE\u00d1O DE ALTO RENDIMIENTO<\/h2>\t\t\t\t<\/div>\n\t\t\t\t<\/div>\n\t\t\t\t<div class=\"elementor-element elementor-element-3809a47 elementor-widget elementor-widget-heading\" data-id=\"3809a47\" data-element_type=\"widget\" data-e-type=\"widget\" data-widget_type=\"heading.default\">\n\t\t\t\t<div class=\"elementor-widget-container\">\n\t\t\t\t\t<h2 class=\"elementor-heading-title elementor-size-default\">Juliet Funt, colaboradora frecuente en los principales medios de comunicaci\u00f3n globales\nincluidos Forbes y Fast Company, es una asesora rigurosa para empresas de la lista\nFortune 500. Como fundadora y CEO de Juliet Funt Group, defiende la idea de liberar el\nverdadero potencial de las empresas al quitarle a su talento tareas que no aportan valor.\nHa compartido sus poderosas ideas con compa\u00f1\u00edas como Spotify, National Geographic, Anthem, Vans, Abbott,\nCostco, Pepsi, Nike, Wells Fargo, Sephora, Sysco y ESPN. Tambi\u00e9n es autora de A Minute to Think (Un minuto para\npensar), nominado al Next Big Idea Club, junto con Malcolm Gladwell, Dan Pink, Susan Cain y Adam Grant.<\/h2>\t\t\t\t<\/div>\n\t\t\t\t<\/div>\n\t\t\t\t<\/div>\n\t\t<div class=\"elementor-element elementor-element-03c5bf0 e-con-full e-flex e-con e-child\" data-id=\"03c5bf0\" data-element_type=\"container\" data-e-type=\"container\" data-settings=\"{&quot;background_background&quot;:&quot;classic&quot;}\">\n\t\t\t\t<div class=\"elementor-element elementor-element-3396dc1 elementor-widget elementor-widget-image\" data-id=\"3396dc1\" data-element_type=\"widget\" data-e-type=\"widget\" data-widget_type=\"image.default\">\n\t\t\t\t<div class=\"elementor-widget-container\">\n\t\t\t\t\t\t\t\t\t\t\t\t\t\t\t<img fetchpriority=\"high\" decoding=\"async\" width=\"768\" height=\"768\" src=\"https:\/\/lacumbreglobaldeliderazgo.org\/wp-content\/uploads\/2025\/08\/medium-GLS25_Headshot_Juliet_Funt_Black.jpg\" class=\"attachment-large size-large wp-image-1508\" alt=\"\" srcset=\"https:\/\/lacumbreglobaldeliderazgo.org\/wp-content\/uploads\/2025\/08\/medium-GLS25_Headshot_Juliet_Funt_Black.jpg 768w, https:\/\/lacumbreglobaldeliderazgo.org\/wp-content\/uploads\/2025\/08\/medium-GLS25_Headshot_Juliet_Funt_Black-300x300.jpg 300w, https:\/\/lacumbreglobaldeliderazgo.org\/wp-content\/uploads\/2025\/08\/medium-GLS25_Headshot_Juliet_Funt_Black-150x150.jpg 150w\" sizes=\"(max-width: 768px) 100vw, 768px\" \/>\t\t\t\t\t\t\t\t\t\t\t\t\t\t\t<\/div>\n\t\t\t\t<\/div>\n\t\t\t\t<\/div>\n\t\t\t\t\t<\/div>\n\t\t\t\t<\/div>\n\t\t<div class=\"elementor-element elementor-element-120b278 elementor-hidden-desktop elementor-hidden-tablet e-flex e-con-boxed e-con e-parent\" data-id=\"120b278\" data-element_type=\"container\" data-e-type=\"container\">\n\t\t\t\t\t<div class=\"e-con-inner\">\n\t\t<div class=\"elementor-element elementor-element-324d19c e-con-full e-flex e-con e-child\" data-id=\"324d19c\" data-element_type=\"container\" data-e-type=\"container\">\n\t\t\t\t<div class=\"elementor-element elementor-element-3613662 elementor-widget elementor-widget-heading\" data-id=\"3613662\" data-element_type=\"widget\" data-e-type=\"widget\" data-widget_type=\"heading.default\">\n\t\t\t\t<div class=\"elementor-widget-container\">\n\t\t\t\t\t<h2 class=\"elementor-heading-title elementor-size-default\">JULIET FUNT<\/h2>\t\t\t\t<\/div>\n\t\t\t\t<\/div>\n\t\t\t\t<div class=\"elementor-element elementor-element-48b06c9 elementor-widget elementor-widget-heading\" data-id=\"48b06c9\" data-element_type=\"widget\" data-e-type=\"widget\" data-widget_type=\"heading.default\">\n\t\t\t\t<div class=\"elementor-widget-container\">\n\t\t\t\t\t<h2 class=\"elementor-heading-title elementor-size-default\">FUNDADORA Y DIRECTORA GENERAL (CEO) de Juliet Funt Group;\nEXPERTA EN DESEMPE\u00d1O DE ALTO RENDIMIENTO<\/h2>\t\t\t\t<\/div>\n\t\t\t\t<\/div>\n\t\t\t\t<div class=\"elementor-element elementor-element-1df85cc elementor-widget elementor-widget-heading\" data-id=\"1df85cc\" data-element_type=\"widget\" data-e-type=\"widget\" data-widget_type=\"heading.default\">\n\t\t\t\t<div class=\"elementor-widget-container\">\n\t\t\t\t\t<h2 class=\"elementor-heading-title elementor-size-default\">Juliet Funt, colaboradora frecuente en los principales medios de comunicaci\u00f3n globales\nincluidos Forbes y Fast Company, es una asesora rigurosa para empresas de la lista\nFortune 500. Como fundadora y CEO de Juliet Funt Group, defiende la idea de liberar el\nverdadero potencial de las empresas al quitarle a su talento tareas que no aportan valor.\nHa compartido sus poderosas ideas con compa\u00f1\u00edas como Spotify, National Geographic, Anthem, Vans, Abbott,\nCostco, Pepsi, Nike, Wells Fargo, Sephora, Sysco y ESPN. Tambi\u00e9n es autora de A Minute to Think (Un minuto para\npensar), nominado al Next Big Idea Club, junto con Malcolm Gladwell, Dan Pink, Susan Cain y Adam Grant.<\/h2>\t\t\t\t<\/div>\n\t\t\t\t<\/div>\n\t\t\t\t<\/div>\n\t\t<div class=\"elementor-element elementor-element-5696560 e-con-full e-flex e-con e-child\" data-id=\"5696560\" data-element_type=\"container\" data-e-type=\"container\" data-settings=\"{&quot;background_background&quot;:&quot;classic&quot;}\">\n\t\t\t\t<div class=\"elementor-element elementor-element-082dd88 elementor-widget elementor-widget-image\" data-id=\"082dd88\" data-element_type=\"widget\" data-e-type=\"widget\" data-widget_type=\"image.default\">\n\t\t\t\t<div class=\"elementor-widget-container\">\n\t\t\t\t\t\t\t\t\t\t\t\t\t\t\t<img fetchpriority=\"high\" decoding=\"async\" width=\"768\" height=\"768\" src=\"https:\/\/lacumbreglobaldeliderazgo.org\/wp-content\/uploads\/2025\/08\/medium-GLS25_Headshot_Juliet_Funt_Black.jpg\" class=\"attachment-large size-large wp-image-1508\" alt=\"\" srcset=\"https:\/\/lacumbreglobaldeliderazgo.org\/wp-content\/uploads\/2025\/08\/medium-GLS25_Headshot_Juliet_Funt_Black.jpg 768w, https:\/\/lacumbreglobaldeliderazgo.org\/wp-content\/uploads\/2025\/08\/medium-GLS25_Headshot_Juliet_Funt_Black-300x300.jpg 300w, https:\/\/lacumbreglobaldeliderazgo.org\/wp-content\/uploads\/2025\/08\/medium-GLS25_Headshot_Juliet_Funt_Black-150x150.jpg 150w\" sizes=\"(max-width: 768px) 100vw, 768px\" \/>\t\t\t\t\t\t\t\t\t\t\t\t\t\t\t<\/div>\n\t\t\t\t<\/div>\n\t\t\t\t<\/div>\n\t\t\t\t\t<\/div>\n\t\t\t\t<\/div>\n\t\t<div class=\"elementor-element elementor-element-8876747 elementor-hidden-tablet elementor-hidden-mobile e-flex e-con-boxed e-con e-parent\" data-id=\"8876747\" data-element_type=\"container\" data-e-type=\"container\" data-settings=\"{&quot;background_background&quot;:&quot;classic&quot;}\">\n\t\t\t\t\t<div class=\"e-con-inner\">\n\t\t\t\t<div class=\"elementor-element elementor-element-60ec863 elementor-widget elementor-widget-heading\" data-id=\"60ec863\" data-element_type=\"widget\" data-e-type=\"widget\" data-widget_type=\"heading.default\">\n\t\t\t\t<div class=\"elementor-widget-container\">\n\t\t\t\t\t<h2 class=\"elementor-heading-title elementor-size-default\">CHARLA DE JULIET:<br> LIDERAZGO INSACIABLE \n<\/h2>\t\t\t\t<\/div>\n\t\t\t\t<\/div>\n\t\t\t\t<div class=\"elementor-element elementor-element-b5ee5cb elementor-widget elementor-widget-heading\" data-id=\"b5ee5cb\" data-element_type=\"widget\" data-e-type=\"widget\" data-widget_type=\"heading.default\">\n\t\t\t\t<div class=\"elementor-widget-container\">\n\t\t\t\t\t<h2 class=\"elementor-heading-title elementor-size-default\">El trabajo no es un concurso de comer pasteles, y el \u00e9xito profesional no se mide solo por cu\u00e1nto te\nesfuerzas. Pero en su ambici\u00f3n por lograr m\u00e1s, muchos l\u00edderes olvidan esta verdad. Saturan a sus equipos\ncon proyectos, objetivos e iniciativas, y sin querer, terminan bloqueando el progreso que tanto desean.\nAcompa\u00f1a a Juliet Funt mientras presenta la mentalidad reductiva, un enfoque transformador para\nequilibrar las exigencias abrumadoras del trabajo moderno. Te ayudar\u00e1 a reducir la sobrecarga, recuperar\nla energ\u00eda y devolverle el enfoque a tu equipo. Saldr\u00e1s con herramientas pr\u00e1cticas para: Detectar puntos\nciegos en tu planificaci\u00f3n, afinar tu estilo de liderazgo, y aplicar estrategias que liberen claridad, capacidad y\nresultados.<\/h2>\t\t\t\t<\/div>\n\t\t\t\t<\/div>\n\t\t\t\t\t<\/div>\n\t\t\t\t<\/div>\n\t\t<div class=\"elementor-element elementor-element-c10bff0 elementor-hidden-desktop elementor-hidden-tablet e-flex e-con-boxed e-con e-parent\" data-id=\"c10bff0\" data-element_type=\"container\" data-e-type=\"container\" data-settings=\"{&quot;background_background&quot;:&quot;classic&quot;}\">\n\t\t\t\t\t<div class=\"e-con-inner\">\n\t\t\t\t<div class=\"elementor-element elementor-element-a98e05e elementor-widget elementor-widget-heading\" data-id=\"a98e05e\" data-element_type=\"widget\" data-e-type=\"widget\" data-widget_type=\"heading.default\">\n\t\t\t\t<div class=\"elementor-widget-container\">\n\t\t\t\t\t<h2 class=\"elementor-heading-title elementor-size-default\">CHARLA DE JULIET:<br> LIDERAZGO INSACIABLE \n<\/h2>\t\t\t\t<\/div>\n\t\t\t\t<\/div>\n\t\t\t\t<div class=\"elementor-element elementor-element-eb022f0 elementor-widget elementor-widget-heading\" data-id=\"eb022f0\" data-element_type=\"widget\" data-e-type=\"widget\" data-widget_type=\"heading.default\">\n\t\t\t\t<div class=\"elementor-widget-container\">\n\t\t\t\t\t<h2 class=\"elementor-heading-title elementor-size-default\">El trabajo no es un concurso de comer pasteles, y el \u00e9xito profesional no se mide solo por cu\u00e1nto te\nesfuerzas. Pero en su ambici\u00f3n por lograr m\u00e1s, muchos l\u00edderes olvidan esta verdad. Saturan a sus equipos\ncon proyectos, objetivos e iniciativas, y sin querer, terminan bloqueando el progreso que tanto desean.\nAcompa\u00f1a a Juliet Funt mientras presenta la mentalidad reductiva, un enfoque transformador para\nequilibrar las exigencias abrumadoras del trabajo moderno. Te ayudar\u00e1 a reducir la sobrecarga, recuperar\nla energ\u00eda y devolverle el enfoque a tu equipo. Saldr\u00e1s con herramientas pr\u00e1cticas para: Detectar puntos\nciegos en tu planificaci\u00f3n, afinar tu estilo de liderazgo, y aplicar estrategias que liberen claridad, capacidad y\nresultados.<\/h2>\t\t\t\t<\/div>\n\t\t\t\t<\/div>\n\t\t\t\t\t<\/div>\n\t\t\t\t<\/div>\n\t\t<div class=\"elementor-element elementor-element-a8d7c97 e-flex e-con-boxed e-con e-parent\" data-id=\"a8d7c97\" data-element_type=\"container\" data-e-type=\"container\">\n\t\t\t\t\t<div class=\"e-con-inner\">\n\t\t\t\t<div class=\"elementor-element elementor-element-6c2c013 elementor-align-center elementor-invisible elementor-widget elementor-widget-button\" data-id=\"6c2c013\" data-element_type=\"widget\" data-e-type=\"widget\" data-settings=\"{&quot;_animation&quot;:&quot;slideInUp&quot;}\" data-widget_type=\"button.default\">\n\t\t\t\t<div class=\"elementor-widget-container\">\n\t\t\t\t\t\t\t\t\t<div class=\"elementor-button-wrapper\">\n\t\t\t\t\t<a class=\"elementor-button elementor-button-link elementor-size-sm\" href=\"https:\/\/lacumbreglobaldeliderazgo.org\/?page_id=616\">\n\t\t\t\t\t\t<span class=\"elementor-button-content-wrapper\">\n\t\t\t\t\t\t\t\t\t<span class=\"elementor-button-text\">Volver oradores<\/span>\n\t\t\t\t\t<\/span>\n\t\t\t\t\t<\/a>\n\t\t\t\t<\/div>\n\t\t\t\t\t\t\t\t<\/div>\n\t\t\t\t<\/div>\n\t\t\t\t\t<\/div>\n\t\t\t\t<\/div>\n\t\t\t\t<\/div>\n\t\t","protected":false},"excerpt":{"rendered":"<p>JULIET FUNT FUNDADORA Y DIRECTORA GENERAL (CEO) de Juliet Funt Group; EXPERTA EN DESEMPE\u00d1O DE ALTO RENDIMIENTO Juliet Funt, colaboradora frecuente en los principales medios de comunicaci\u00f3n globales incluidos Forbes y Fast Company, es una asesora rigurosa para empresas de la lista Fortune 500. Como fundadora y CEO de Juliet Funt Group, defiende la idea [&hellip;]<\/p>\n","protected":false},"author":1,"featured_media":0,"parent":0,"menu_order":0,"comment_status":"closed","ping_status":"closed","template":"elementor_header_footer","meta":{"om_disable_all_campaigns":false,"_monsterinsights_skip_tracking":false,"_monsterinsights_sitenote_active":false,"_monsterinsights_sitenote_note":"","_monsterinsights_sitenote_category":0,"footnotes":""},"class_list":["post-1512","page","type-page","status-publish","hentry"],"aioseo_notices":[],"_links":{"self":[{"href":"https:\/\/lacumbreglobaldeliderazgo.org\/index.php?rest_route=\/wp\/v2\/pages\/1512","targetHints":{"allow":["GET"]}}],"collection":[{"href":"https:\/\/lacumbreglobaldeliderazgo.org\/index.php?rest_route=\/wp\/v2\/pages"}],"about":[{"href":"https:\/\/lacumbreglobaldeliderazgo.org\/index.php?rest_route=\/wp\/v2\/types\/page"}],"author":[{"embeddable":true,"href":"https:\/\/lacumbreglobaldeliderazgo.org\/index.php?rest_route=\/wp\/v2\/users\/1"}],"replies":[{"embeddable":true,"href":"https:\/\/lacumbreglobaldeliderazgo.org\/index.php?rest_route=%2Fwp%2Fv2%2Fcomments&post=1512"}],"version-history":[{"count":7,"href":"https:\/\/lacumbreglobaldeliderazgo.org\/index.php?rest_route=\/wp\/v2\/pages\/1512\/revisions"}],"predecessor-version":[{"id":1722,"href":"https:\/\/lacumbreglobaldeliderazgo.org\/index.php?rest_route=\/wp\/v2\/pages\/1512\/revisions\/1722"}],"wp:attachment":[{"href":"https:\/\/lacumbreglobaldeliderazgo.org\/index.php?rest_route=%2Fwp%2Fv2%2Fmedia&parent=1512"}],"curies":[{"name":"wp","href":"https:\/\/api.w.org\/{rel}","templated":true}]}}