{"id":1521,"date":"2025-08-21T16:17:29","date_gmt":"2025-08-21T16:17:29","guid":{"rendered":"https:\/\/lacumbreglobaldeliderazgo.org\/?page_id=1521"},"modified":"2025-08-21T18:49:08","modified_gmt":"2025-08-21T18:49:08","slug":"james-hewitt-ph-d","status":"publish","type":"page","link":"https:\/\/lacumbreglobaldeliderazgo.org\/?page_id=1521","title":{"rendered":"JAMES HEWITT, PH.D."},"content":{"rendered":"\t\t<div data-elementor-type=\"wp-page\" data-elementor-id=\"1521\" class=\"elementor elementor-1521\">\n\t\t\t\t<div class=\"elementor-element elementor-element-0209dd3 elementor-hidden-tablet elementor-hidden-mobile e-flex e-con-boxed e-con e-parent\" data-id=\"0209dd3\" data-element_type=\"container\" data-e-type=\"container\">\n\t\t\t\t\t<div class=\"e-con-inner\">\n\t\t<div class=\"elementor-element elementor-element-3ddd97e e-con-full e-flex e-con e-child\" data-id=\"3ddd97e\" data-element_type=\"container\" data-e-type=\"container\">\n\t\t\t\t<div class=\"elementor-element elementor-element-50acccd elementor-widget elementor-widget-heading\" data-id=\"50acccd\" data-element_type=\"widget\" data-e-type=\"widget\" data-widget_type=\"heading.default\">\n\t\t\t\t<div class=\"elementor-widget-container\">\n\t\t\t\t\t<h2 class=\"elementor-heading-title elementor-size-default\">JAMES HEWITT, PH.D.\n<\/h2>\t\t\t\t<\/div>\n\t\t\t\t<\/div>\n\t\t\t\t<div class=\"elementor-element elementor-element-f944592 elementor-widget elementor-widget-heading\" data-id=\"f944592\" data-element_type=\"widget\" data-e-type=\"widget\" data-widget_type=\"heading.default\">\n\t\t\t\t<div class=\"elementor-widget-container\">\n\t\t\t\t\t<h2 class=\"elementor-heading-title elementor-size-default\">Cient\u00edfico en optimizaci\u00f3n del rendimiento humano; AUTOR\n<\/h2>\t\t\t\t<\/div>\n\t\t\t\t<\/div>\n\t\t\t\t<div class=\"elementor-element elementor-element-9b9e686 elementor-widget elementor-widget-heading\" data-id=\"9b9e686\" data-element_type=\"widget\" data-e-type=\"widget\" data-widget_type=\"heading.default\">\n\t\t\t\t<div class=\"elementor-widget-container\">\n\t\t\t\t\t<h2 class=\"elementor-heading-title elementor-size-default\">James Hewitt es un cient\u00edfico del rendimiento humano que proporciona a algunas de\nlas empresas m\u00e1s exitosas del mundo estrategias con respaldo cient\u00edfico para lograr\nun alto rendimiento sostenible. Combina su experiencia como ciclista profesional con\ninvestigaci\u00f3n innovadora, probada tanto en circuitos de F\u00f3rmula 1 como en empresas\nFortune 500. Hewitt une estrategias de deportes de resistencia con conocimientos de neurociencia, fisiolog\u00eda y\npsicolog\u00eda, revelando una visi\u00f3n de futuro en la que el bienestar impulsa el \u00e9xito empresarial. Tiene un doctorado\nen ciencias del rendimiento y es fundador de Knowledge Work Lab, una firma de consultor\u00eda enfocada en alto\nrendimiento humano que trabaja con algunas de las compa\u00f1\u00edas m\u00e1s reconocidas del mundo.<\/h2>\t\t\t\t<\/div>\n\t\t\t\t<\/div>\n\t\t\t\t<\/div>\n\t\t<div class=\"elementor-element elementor-element-ff96513 e-con-full e-flex e-con e-child\" data-id=\"ff96513\" data-element_type=\"container\" data-e-type=\"container\" data-settings=\"{&quot;background_background&quot;:&quot;classic&quot;}\">\n\t\t\t\t<div class=\"elementor-element elementor-element-450e604 elementor-widget elementor-widget-image\" data-id=\"450e604\" data-element_type=\"widget\" data-e-type=\"widget\" data-widget_type=\"image.default\">\n\t\t\t\t<div class=\"elementor-widget-container\">\n\t\t\t\t\t\t\t\t\t\t\t\t\t\t\t<img fetchpriority=\"high\" decoding=\"async\" width=\"768\" height=\"768\" src=\"https:\/\/lacumbreglobaldeliderazgo.org\/wp-content\/uploads\/2025\/08\/medium-GLS25_Headshot_James_Hewitt_Black.jpg\" class=\"attachment-large size-large wp-image-1520\" alt=\"\" srcset=\"https:\/\/lacumbreglobaldeliderazgo.org\/wp-content\/uploads\/2025\/08\/medium-GLS25_Headshot_James_Hewitt_Black.jpg 768w, https:\/\/lacumbreglobaldeliderazgo.org\/wp-content\/uploads\/2025\/08\/medium-GLS25_Headshot_James_Hewitt_Black-300x300.jpg 300w, https:\/\/lacumbreglobaldeliderazgo.org\/wp-content\/uploads\/2025\/08\/medium-GLS25_Headshot_James_Hewitt_Black-150x150.jpg 150w\" sizes=\"(max-width: 768px) 100vw, 768px\" \/>\t\t\t\t\t\t\t\t\t\t\t\t\t\t\t<\/div>\n\t\t\t\t<\/div>\n\t\t\t\t<\/div>\n\t\t\t\t\t<\/div>\n\t\t\t\t<\/div>\n\t\t<div class=\"elementor-element elementor-element-1156e15 elementor-hidden-desktop elementor-hidden-tablet e-flex e-con-boxed e-con e-parent\" data-id=\"1156e15\" data-element_type=\"container\" data-e-type=\"container\">\n\t\t\t\t\t<div class=\"e-con-inner\">\n\t\t<div class=\"elementor-element elementor-element-c687abb e-con-full e-flex e-con e-child\" data-id=\"c687abb\" data-element_type=\"container\" data-e-type=\"container\">\n\t\t\t\t<div class=\"elementor-element elementor-element-bb7912d elementor-widget elementor-widget-heading\" data-id=\"bb7912d\" data-element_type=\"widget\" data-e-type=\"widget\" data-widget_type=\"heading.default\">\n\t\t\t\t<div class=\"elementor-widget-container\">\n\t\t\t\t\t<h2 class=\"elementor-heading-title elementor-size-default\">JAMES HEWITT, PH.D.\n<\/h2>\t\t\t\t<\/div>\n\t\t\t\t<\/div>\n\t\t\t\t<div class=\"elementor-element elementor-element-be93958 elementor-widget elementor-widget-heading\" data-id=\"be93958\" data-element_type=\"widget\" data-e-type=\"widget\" data-widget_type=\"heading.default\">\n\t\t\t\t<div class=\"elementor-widget-container\">\n\t\t\t\t\t<h2 class=\"elementor-heading-title elementor-size-default\">Cient\u00edfico en optimizaci\u00f3n del rendimiento humano; AUTOR\n<\/h2>\t\t\t\t<\/div>\n\t\t\t\t<\/div>\n\t\t\t\t<div class=\"elementor-element elementor-element-daf0b7b elementor-widget elementor-widget-heading\" data-id=\"daf0b7b\" data-element_type=\"widget\" data-e-type=\"widget\" data-widget_type=\"heading.default\">\n\t\t\t\t<div class=\"elementor-widget-container\">\n\t\t\t\t\t<h2 class=\"elementor-heading-title elementor-size-default\">James Hewitt es un cient\u00edfico del rendimiento humano que proporciona a algunas de\nlas empresas m\u00e1s exitosas del mundo estrategias con respaldo cient\u00edfico para lograr\nun alto rendimiento sostenible. Combina su experiencia como ciclista profesional con\ninvestigaci\u00f3n innovadora, probada tanto en circuitos de F\u00f3rmula 1 como en empresas\nFortune 500. Hewitt une estrategias de deportes de resistencia con conocimientos de neurociencia, fisiolog\u00eda y\npsicolog\u00eda, revelando una visi\u00f3n de futuro en la que el bienestar impulsa el \u00e9xito empresarial. Tiene un doctorado\nen ciencias del rendimiento y es fundador de Knowledge Work Lab, una firma de consultor\u00eda enfocada en alto\nrendimiento humano que trabaja con algunas de las compa\u00f1\u00edas m\u00e1s reconocidas del mundo.<\/h2>\t\t\t\t<\/div>\n\t\t\t\t<\/div>\n\t\t\t\t<\/div>\n\t\t<div class=\"elementor-element elementor-element-fd82693 e-con-full e-flex e-con e-child\" data-id=\"fd82693\" data-element_type=\"container\" data-e-type=\"container\" data-settings=\"{&quot;background_background&quot;:&quot;classic&quot;}\">\n\t\t\t\t<div class=\"elementor-element elementor-element-d407c9e elementor-widget elementor-widget-image\" data-id=\"d407c9e\" data-element_type=\"widget\" data-e-type=\"widget\" data-widget_type=\"image.default\">\n\t\t\t\t<div class=\"elementor-widget-container\">\n\t\t\t\t\t\t\t\t\t\t\t\t\t\t\t<img fetchpriority=\"high\" decoding=\"async\" width=\"768\" height=\"768\" src=\"https:\/\/lacumbreglobaldeliderazgo.org\/wp-content\/uploads\/2025\/08\/medium-GLS25_Headshot_James_Hewitt_Black.jpg\" class=\"attachment-large size-large wp-image-1520\" alt=\"\" srcset=\"https:\/\/lacumbreglobaldeliderazgo.org\/wp-content\/uploads\/2025\/08\/medium-GLS25_Headshot_James_Hewitt_Black.jpg 768w, https:\/\/lacumbreglobaldeliderazgo.org\/wp-content\/uploads\/2025\/08\/medium-GLS25_Headshot_James_Hewitt_Black-300x300.jpg 300w, https:\/\/lacumbreglobaldeliderazgo.org\/wp-content\/uploads\/2025\/08\/medium-GLS25_Headshot_James_Hewitt_Black-150x150.jpg 150w\" sizes=\"(max-width: 768px) 100vw, 768px\" \/>\t\t\t\t\t\t\t\t\t\t\t\t\t\t\t<\/div>\n\t\t\t\t<\/div>\n\t\t\t\t<\/div>\n\t\t\t\t\t<\/div>\n\t\t\t\t<\/div>\n\t\t<div class=\"elementor-element elementor-element-c133496 elementor-hidden-tablet elementor-hidden-mobile e-flex e-con-boxed e-con e-parent\" data-id=\"c133496\" data-element_type=\"container\" data-e-type=\"container\" data-settings=\"{&quot;background_background&quot;:&quot;classic&quot;}\">\n\t\t\t\t\t<div class=\"e-con-inner\">\n\t\t\t\t<div class=\"elementor-element elementor-element-208dc66 elementor-widget elementor-widget-heading\" data-id=\"208dc66\" data-element_type=\"widget\" data-e-type=\"widget\" data-widget_type=\"heading.default\">\n\t\t\t\t<div class=\"elementor-widget-container\">\n\t\t\t\t\t<h2 class=\"elementor-heading-title elementor-size-default\">CHARLA DE JAMES: <br>RENDIMIENTO REGENERATIVO\n<\/h2>\t\t\t\t<\/div>\n\t\t\t\t<\/div>\n\t\t\t\t<div class=\"elementor-element elementor-element-ae3c4a9 elementor-widget elementor-widget-heading\" data-id=\"ae3c4a9\" data-element_type=\"widget\" data-e-type=\"widget\" data-widget_type=\"heading.default\">\n\t\t\t\t<div class=\"elementor-widget-container\">\n\t\t\t\t\t<h2 class=\"elementor-heading-title elementor-size-default\">Los l\u00edderes enfrentan una presi\u00f3n enorme por obtener resultados, muchas veces a costa de su\npropio bienestar y el de su equipo. El agotamiento, la falta de compromiso y la rotaci\u00f3n constante\nson consecuencias frecuentes de esa b\u00fasqueda incansable por rendir al m\u00e1ximo. Acompa\u00f1a a James\nHewitt mientras explora c\u00f3mo alcanzar un rendimiento sostenido sin tener que sacrificar tu salud o tu\nproductividad. Aprende a usar su modelo de engranajes cognitivos para mejorar tu claridad mental y alinear\ntu trabajo con los ritmos naturales de energ\u00eda, para que seas m\u00e1s eficiente y eficaz como l\u00edder. Te llevar\u00e1s\nestrategias claras para crear entornos donde el rendimiento y el bienestar puedan crecer juntos.<\/h2>\t\t\t\t<\/div>\n\t\t\t\t<\/div>\n\t\t\t\t\t<\/div>\n\t\t\t\t<\/div>\n\t\t<div class=\"elementor-element elementor-element-ee26703 elementor-hidden-desktop elementor-hidden-tablet e-flex e-con-boxed e-con e-parent\" data-id=\"ee26703\" data-element_type=\"container\" data-e-type=\"container\" data-settings=\"{&quot;background_background&quot;:&quot;classic&quot;}\">\n\t\t\t\t\t<div class=\"e-con-inner\">\n\t\t\t\t<div class=\"elementor-element elementor-element-ed2b93d elementor-widget elementor-widget-heading\" data-id=\"ed2b93d\" data-element_type=\"widget\" data-e-type=\"widget\" data-widget_type=\"heading.default\">\n\t\t\t\t<div class=\"elementor-widget-container\">\n\t\t\t\t\t<h2 class=\"elementor-heading-title elementor-size-default\">CHARLA DE JAMES: <br>RENDIMIENTO REGENERATIVO\n<\/h2>\t\t\t\t<\/div>\n\t\t\t\t<\/div>\n\t\t\t\t<div class=\"elementor-element elementor-element-8246b70 elementor-widget elementor-widget-heading\" data-id=\"8246b70\" data-element_type=\"widget\" data-e-type=\"widget\" data-widget_type=\"heading.default\">\n\t\t\t\t<div class=\"elementor-widget-container\">\n\t\t\t\t\t<h2 class=\"elementor-heading-title elementor-size-default\">Los l\u00edderes enfrentan una presi\u00f3n enorme por obtener resultados, muchas veces a costa de su\npropio bienestar y el de su equipo. El agotamiento, la falta de compromiso y la rotaci\u00f3n constante\nson consecuencias frecuentes de esa b\u00fasqueda incansable por rendir al m\u00e1ximo. Acompa\u00f1a a James\nHewitt mientras explora c\u00f3mo alcanzar un rendimiento sostenido sin tener que sacrificar tu salud o tu\nproductividad. Aprende a usar su modelo de engranajes cognitivos para mejorar tu claridad mental y alinear\ntu trabajo con los ritmos naturales de energ\u00eda, para que seas m\u00e1s eficiente y eficaz como l\u00edder. Te llevar\u00e1s\nestrategias claras para crear entornos donde el rendimiento y el bienestar puedan crecer juntos.<\/h2>\t\t\t\t<\/div>\n\t\t\t\t<\/div>\n\t\t\t\t\t<\/div>\n\t\t\t\t<\/div>\n\t\t<div class=\"elementor-element elementor-element-9bd27a6 e-flex e-con-boxed e-con e-parent\" data-id=\"9bd27a6\" data-element_type=\"container\" data-e-type=\"container\">\n\t\t\t\t\t<div class=\"e-con-inner\">\n\t\t\t\t<div class=\"elementor-element elementor-element-fa38578 elementor-align-center elementor-invisible elementor-widget elementor-widget-button\" data-id=\"fa38578\" data-element_type=\"widget\" data-e-type=\"widget\" data-settings=\"{&quot;_animation&quot;:&quot;slideInUp&quot;}\" data-widget_type=\"button.default\">\n\t\t\t\t<div class=\"elementor-widget-container\">\n\t\t\t\t\t\t\t\t\t<div class=\"elementor-button-wrapper\">\n\t\t\t\t\t<a class=\"elementor-button elementor-button-link elementor-size-sm\" href=\"https:\/\/lacumbreglobaldeliderazgo.org\/?page_id=616\">\n\t\t\t\t\t\t<span class=\"elementor-button-content-wrapper\">\n\t\t\t\t\t\t\t\t\t<span class=\"elementor-button-text\">Volver oradores<\/span>\n\t\t\t\t\t<\/span>\n\t\t\t\t\t<\/a>\n\t\t\t\t<\/div>\n\t\t\t\t\t\t\t\t<\/div>\n\t\t\t\t<\/div>\n\t\t\t\t\t<\/div>\n\t\t\t\t<\/div>\n\t\t\t\t<\/div>\n\t\t","protected":false},"excerpt":{"rendered":"<p>JAMES HEWITT, PH.D. Cient\u00edfico en optimizaci\u00f3n del rendimiento humano; AUTOR James Hewitt es un cient\u00edfico del rendimiento humano que proporciona a algunas de las empresas m\u00e1s exitosas del mundo estrategias con respaldo cient\u00edfico para lograr un alto rendimiento sostenible. Combina su experiencia como ciclista profesional con investigaci\u00f3n innovadora, probada tanto en circuitos de F\u00f3rmula 1 [&hellip;]<\/p>\n","protected":false},"author":1,"featured_media":0,"parent":0,"menu_order":0,"comment_status":"closed","ping_status":"closed","template":"elementor_header_footer","meta":{"om_disable_all_campaigns":false,"_monsterinsights_skip_tracking":false,"_monsterinsights_sitenote_active":false,"_monsterinsights_sitenote_note":"","_monsterinsights_sitenote_category":0,"footnotes":""},"class_list":["post-1521","page","type-page","status-publish","hentry"],"aioseo_notices":[],"_links":{"self":[{"href":"https:\/\/lacumbreglobaldeliderazgo.org\/index.php?rest_route=\/wp\/v2\/pages\/1521","targetHints":{"allow":["GET"]}}],"collection":[{"href":"https:\/\/lacumbreglobaldeliderazgo.org\/index.php?rest_route=\/wp\/v2\/pages"}],"about":[{"href":"https:\/\/lacumbreglobaldeliderazgo.org\/index.php?rest_route=\/wp\/v2\/types\/page"}],"author":[{"embeddable":true,"href":"https:\/\/lacumbreglobaldeliderazgo.org\/index.php?rest_route=\/wp\/v2\/users\/1"}],"replies":[{"embeddable":true,"href":"https:\/\/lacumbreglobaldeliderazgo.org\/index.php?rest_route=%2Fwp%2Fv2%2Fcomments&post=1521"}],"version-history":[{"count":10,"href":"https:\/\/lacumbreglobaldeliderazgo.org\/index.php?rest_route=\/wp\/v2\/pages\/1521\/revisions"}],"predecessor-version":[{"id":1725,"href":"https:\/\/lacumbreglobaldeliderazgo.org\/index.php?rest_route=\/wp\/v2\/pages\/1521\/revisions\/1725"}],"wp:attachment":[{"href":"https:\/\/lacumbreglobaldeliderazgo.org\/index.php?rest_route=%2Fwp%2Fv2%2Fmedia&parent=1521"}],"curies":[{"name":"wp","href":"https:\/\/api.w.org\/{rel}","templated":true}]}}