{"id":1542,"date":"2025-08-21T16:21:21","date_gmt":"2025-08-21T16:21:21","guid":{"rendered":"https:\/\/lacumbreglobaldeliderazgo.org\/?page_id=1542"},"modified":"2025-08-21T18:50:46","modified_gmt":"2025-08-21T18:50:46","slug":"erica-dhawan","status":"publish","type":"page","link":"https:\/\/lacumbreglobaldeliderazgo.org\/?page_id=1542","title":{"rendered":"ERICA DHAWAN"},"content":{"rendered":"\t\t<div data-elementor-type=\"wp-page\" data-elementor-id=\"1542\" class=\"elementor elementor-1542\">\n\t\t\t\t<div class=\"elementor-element elementor-element-5624a1b elementor-hidden-tablet elementor-hidden-mobile e-flex e-con-boxed e-con e-parent\" data-id=\"5624a1b\" data-element_type=\"container\" data-e-type=\"container\">\n\t\t\t\t\t<div class=\"e-con-inner\">\n\t\t<div class=\"elementor-element elementor-element-3583bb6 e-con-full e-flex e-con e-child\" data-id=\"3583bb6\" data-element_type=\"container\" data-e-type=\"container\">\n\t\t\t\t<div class=\"elementor-element elementor-element-ee65511 elementor-widget elementor-widget-heading\" data-id=\"ee65511\" data-element_type=\"widget\" data-e-type=\"widget\" data-widget_type=\"heading.default\">\n\t\t\t\t<div class=\"elementor-widget-container\">\n\t\t\t\t\t<h2 class=\"elementor-heading-title elementor-size-default\">ERICA DHAWAN<\/h2>\t\t\t\t<\/div>\n\t\t\t\t<\/div>\n\t\t\t\t<div class=\"elementor-element elementor-element-395511c elementor-widget elementor-widget-heading\" data-id=\"395511c\" data-element_type=\"widget\" data-e-type=\"widget\" data-widget_type=\"heading.default\">\n\t\t\t\t<div class=\"elementor-widget-container\">\n\t\t\t\t\t<h2 class=\"elementor-heading-title elementor-size-default\">Autoridad reconocida internacionalmente como experta en trabajo en equipo,\ncolaboraci\u00f3n e innovaci\u00f3n del siglo XXI; AUTORA DE BESTSELLERS<\/h2>\t\t\t\t<\/div>\n\t\t\t\t<\/div>\n\t\t\t\t<div class=\"elementor-element elementor-element-4f85373 elementor-widget elementor-widget-heading\" data-id=\"4f85373\" data-element_type=\"widget\" data-e-type=\"widget\" data-widget_type=\"heading.default\">\n\t\t\t\t<div class=\"elementor-widget-container\">\n\t\t\t\t\t<h2 class=\"elementor-heading-title elementor-size-default\">Erica Dhawan es una autoridad reconocida internacionalmente como experta en trabajo\nen equipo, colaboraci\u00f3n e innovaci\u00f3n en el siglo XXI. Thinkers50 la nombr\u00f3 como la\n\u201cOprah de los pensadores de gesti\u00f3n\u201d, por sus estrategias innovadoras que ayudan a\ndesbloquear el poder colectivo de los equipos, crear una cultura de confianza a cualquier distancia y generar\ncompromiso aut\u00e9ntico para garantizar la competitividad. Es considerada una de las pensadoras con m\u00e1s potencial\npara dar forma al futuro de los negocios, y aparece con frecuencia en publicaciones como Harvard Business Review,\nFast Company y Wall Street Journal. Es autora de dos libros: Get Big Things Done: The Power of Connectional\nIntelligence, Digital Body Language: How to Build Trust and Connection, No Matter the Distance.\u201d<\/h2>\t\t\t\t<\/div>\n\t\t\t\t<\/div>\n\t\t\t\t<\/div>\n\t\t<div class=\"elementor-element elementor-element-3fa4d29 e-con-full e-flex e-con e-child\" data-id=\"3fa4d29\" data-element_type=\"container\" data-e-type=\"container\" data-settings=\"{&quot;background_background&quot;:&quot;classic&quot;}\">\n\t\t\t\t<div class=\"elementor-element elementor-element-a5a5fba elementor-widget elementor-widget-image\" data-id=\"a5a5fba\" data-element_type=\"widget\" data-e-type=\"widget\" data-widget_type=\"image.default\">\n\t\t\t\t<div class=\"elementor-widget-container\">\n\t\t\t\t\t\t\t\t\t\t\t\t\t\t\t<img fetchpriority=\"high\" decoding=\"async\" width=\"768\" height=\"768\" src=\"https:\/\/lacumbreglobaldeliderazgo.org\/wp-content\/uploads\/2025\/08\/medium-GLS25_Headshot_Erica_Dhawan_Black.jpg\" class=\"attachment-large size-large wp-image-1538\" alt=\"\" srcset=\"https:\/\/lacumbreglobaldeliderazgo.org\/wp-content\/uploads\/2025\/08\/medium-GLS25_Headshot_Erica_Dhawan_Black.jpg 768w, https:\/\/lacumbreglobaldeliderazgo.org\/wp-content\/uploads\/2025\/08\/medium-GLS25_Headshot_Erica_Dhawan_Black-300x300.jpg 300w, https:\/\/lacumbreglobaldeliderazgo.org\/wp-content\/uploads\/2025\/08\/medium-GLS25_Headshot_Erica_Dhawan_Black-150x150.jpg 150w\" sizes=\"(max-width: 768px) 100vw, 768px\" \/>\t\t\t\t\t\t\t\t\t\t\t\t\t\t\t<\/div>\n\t\t\t\t<\/div>\n\t\t\t\t<\/div>\n\t\t\t\t\t<\/div>\n\t\t\t\t<\/div>\n\t\t<div class=\"elementor-element elementor-element-d30d718 elementor-hidden-desktop elementor-hidden-tablet e-flex e-con-boxed e-con e-parent\" data-id=\"d30d718\" data-element_type=\"container\" data-e-type=\"container\">\n\t\t\t\t\t<div class=\"e-con-inner\">\n\t\t<div class=\"elementor-element elementor-element-fbfb9a8 e-con-full e-flex e-con e-child\" data-id=\"fbfb9a8\" data-element_type=\"container\" data-e-type=\"container\">\n\t\t\t\t<div class=\"elementor-element elementor-element-ea8cc58 elementor-widget elementor-widget-heading\" data-id=\"ea8cc58\" data-element_type=\"widget\" data-e-type=\"widget\" data-widget_type=\"heading.default\">\n\t\t\t\t<div class=\"elementor-widget-container\">\n\t\t\t\t\t<h2 class=\"elementor-heading-title elementor-size-default\">ERICA DHAWAN<\/h2>\t\t\t\t<\/div>\n\t\t\t\t<\/div>\n\t\t\t\t<div class=\"elementor-element elementor-element-483f32b elementor-widget elementor-widget-heading\" data-id=\"483f32b\" data-element_type=\"widget\" data-e-type=\"widget\" data-widget_type=\"heading.default\">\n\t\t\t\t<div class=\"elementor-widget-container\">\n\t\t\t\t\t<h2 class=\"elementor-heading-title elementor-size-default\">Autoridad reconocida internacionalmente como experta en trabajo en equipo,\ncolaboraci\u00f3n e innovaci\u00f3n del siglo XXI; AUTORA DE BESTSELLERS<\/h2>\t\t\t\t<\/div>\n\t\t\t\t<\/div>\n\t\t\t\t<div class=\"elementor-element elementor-element-fea100b elementor-widget elementor-widget-heading\" data-id=\"fea100b\" data-element_type=\"widget\" data-e-type=\"widget\" data-widget_type=\"heading.default\">\n\t\t\t\t<div class=\"elementor-widget-container\">\n\t\t\t\t\t<h2 class=\"elementor-heading-title elementor-size-default\">Erica Dhawan es una autoridad reconocida internacionalmente como experta en trabajo\nen equipo, colaboraci\u00f3n e innovaci\u00f3n en el siglo XXI. Thinkers50 la nombr\u00f3 como la\n\u201cOprah de los pensadores de gesti\u00f3n\u201d, por sus estrategias innovadoras que ayudan a\ndesbloquear el poder colectivo de los equipos, crear una cultura de confianza a cualquier distancia y generar\ncompromiso aut\u00e9ntico para garantizar la competitividad. Es considerada una de las pensadoras con m\u00e1s potencial\npara dar forma al futuro de los negocios, y aparece con frecuencia en publicaciones como Harvard Business Review,\nFast Company y Wall Street Journal. Es autora de dos libros: Get Big Things Done: The Power of Connectional\nIntelligence, Digital Body Language: How to Build Trust and Connection, No Matter the Distance.\u201d<\/h2>\t\t\t\t<\/div>\n\t\t\t\t<\/div>\n\t\t\t\t<\/div>\n\t\t<div class=\"elementor-element elementor-element-bc3bd41 e-con-full e-flex e-con e-child\" data-id=\"bc3bd41\" data-element_type=\"container\" data-e-type=\"container\" data-settings=\"{&quot;background_background&quot;:&quot;classic&quot;}\">\n\t\t\t\t<div class=\"elementor-element elementor-element-d278672 elementor-widget elementor-widget-image\" data-id=\"d278672\" data-element_type=\"widget\" data-e-type=\"widget\" data-widget_type=\"image.default\">\n\t\t\t\t<div class=\"elementor-widget-container\">\n\t\t\t\t\t\t\t\t\t\t\t\t\t\t\t<img fetchpriority=\"high\" decoding=\"async\" width=\"768\" height=\"768\" src=\"https:\/\/lacumbreglobaldeliderazgo.org\/wp-content\/uploads\/2025\/08\/medium-GLS25_Headshot_Erica_Dhawan_Black.jpg\" class=\"attachment-large size-large wp-image-1538\" alt=\"\" srcset=\"https:\/\/lacumbreglobaldeliderazgo.org\/wp-content\/uploads\/2025\/08\/medium-GLS25_Headshot_Erica_Dhawan_Black.jpg 768w, https:\/\/lacumbreglobaldeliderazgo.org\/wp-content\/uploads\/2025\/08\/medium-GLS25_Headshot_Erica_Dhawan_Black-300x300.jpg 300w, https:\/\/lacumbreglobaldeliderazgo.org\/wp-content\/uploads\/2025\/08\/medium-GLS25_Headshot_Erica_Dhawan_Black-150x150.jpg 150w\" sizes=\"(max-width: 768px) 100vw, 768px\" \/>\t\t\t\t\t\t\t\t\t\t\t\t\t\t\t<\/div>\n\t\t\t\t<\/div>\n\t\t\t\t<\/div>\n\t\t\t\t\t<\/div>\n\t\t\t\t<\/div>\n\t\t<div class=\"elementor-element elementor-element-830e75d elementor-hidden-tablet elementor-hidden-mobile e-flex e-con-boxed e-con e-parent\" data-id=\"830e75d\" data-element_type=\"container\" data-e-type=\"container\" data-settings=\"{&quot;background_background&quot;:&quot;classic&quot;}\">\n\t\t\t\t\t<div class=\"e-con-inner\">\n\t\t\t\t<div class=\"elementor-element elementor-element-0972a33 elementor-widget elementor-widget-heading\" data-id=\"0972a33\" data-element_type=\"widget\" data-e-type=\"widget\" data-widget_type=\"heading.default\">\n\t\t\t\t<div class=\"elementor-widget-container\">\n\t\t\t\t\t<h2 class=\"elementor-heading-title elementor-size-default\">LA CHARLA DE ERICA: <br>DESATANDO LA CONEXI\u00d3N A TRAV\u00c9S DEL LENGUAJE CORPORAL DIGITAL\n<\/h2>\t\t\t\t<\/div>\n\t\t\t\t<\/div>\n\t\t\t\t<div class=\"elementor-element elementor-element-798651e elementor-widget elementor-widget-heading\" data-id=\"798651e\" data-element_type=\"widget\" data-e-type=\"widget\" data-widget_type=\"heading.default\">\n\t\t\t\t<div class=\"elementor-widget-container\">\n\t\t\t\t\t<h2 class=\"elementor-heading-title elementor-size-default\">\u201cHoy en d\u00eda no hablamos ni predicamos con el ejemplo\u2026 lo escribimos todo\u201d, dice Erica Dhawan. En esta\nera digital, construir confianza y generar conexi\u00f3n se ha vuelto m\u00e1s complicado, especialmente cuando\nlos equipos est\u00e1n separados por generaciones, estilos de trabajo y distancia f\u00edsica. Muchos l\u00edderes sienten\nque hoy es m\u00e1s dif\u00edcil que nunca: Inspirar compromiso, Fomentar la toma de riesgos, Crear v\u00ednculos\nreales dentro de sus equipos y organizaciones. Acompa\u00f1a a Erica Dhawan mientras analiza los retos de la\ncomunicaci\u00f3n virtual y presenta el concepto de lenguaje corporal digital. Aprende a detectar e interpretar\nlas se\u00f1ales que definen la colaboraci\u00f3n moderna, y descubre formas pr\u00e1cticas de: Inspirar confianza,\nmejorar la conexi\u00f3n e inspirar seguridad, sin importar la plataforma ni la distancia.<\/h2>\t\t\t\t<\/div>\n\t\t\t\t<\/div>\n\t\t\t\t\t<\/div>\n\t\t\t\t<\/div>\n\t\t<div class=\"elementor-element elementor-element-1c87e86 elementor-hidden-desktop elementor-hidden-tablet e-flex e-con-boxed e-con e-parent\" data-id=\"1c87e86\" data-element_type=\"container\" data-e-type=\"container\" data-settings=\"{&quot;background_background&quot;:&quot;classic&quot;}\">\n\t\t\t\t\t<div class=\"e-con-inner\">\n\t\t\t\t<div class=\"elementor-element elementor-element-f06b728 elementor-widget elementor-widget-heading\" data-id=\"f06b728\" data-element_type=\"widget\" data-e-type=\"widget\" data-widget_type=\"heading.default\">\n\t\t\t\t<div class=\"elementor-widget-container\">\n\t\t\t\t\t<h2 class=\"elementor-heading-title elementor-size-default\">LA CHARLA DE ERICA: <br>DESATANDO LA CONEXI\u00d3N A TRAV\u00c9S DEL LENGUAJE CORPORAL DIGITAL\n<\/h2>\t\t\t\t<\/div>\n\t\t\t\t<\/div>\n\t\t\t\t<div class=\"elementor-element elementor-element-50385b7 elementor-widget elementor-widget-heading\" data-id=\"50385b7\" data-element_type=\"widget\" data-e-type=\"widget\" data-widget_type=\"heading.default\">\n\t\t\t\t<div class=\"elementor-widget-container\">\n\t\t\t\t\t<h2 class=\"elementor-heading-title elementor-size-default\">\u201cHoy en d\u00eda no hablamos ni predicamos con el ejemplo\u2026 lo escribimos todo\u201d, dice Erica Dhawan. En esta\nera digital, construir confianza y generar conexi\u00f3n se ha vuelto m\u00e1s complicado, especialmente cuando\nlos equipos est\u00e1n separados por generaciones, estilos de trabajo y distancia f\u00edsica. Muchos l\u00edderes sienten\nque hoy es m\u00e1s dif\u00edcil que nunca: Inspirar compromiso, Fomentar la toma de riesgos, Crear v\u00ednculos\nreales dentro de sus equipos y organizaciones. Acompa\u00f1a a Erica Dhawan mientras analiza los retos de la\ncomunicaci\u00f3n virtual y presenta el concepto de lenguaje corporal digital. Aprende a detectar e interpretar\nlas se\u00f1ales que definen la colaboraci\u00f3n moderna, y descubre formas pr\u00e1cticas de: Inspirar confianza,\nmejorar la conexi\u00f3n e inspirar seguridad, sin importar la plataforma ni la distancia.<\/h2>\t\t\t\t<\/div>\n\t\t\t\t<\/div>\n\t\t\t\t\t<\/div>\n\t\t\t\t<\/div>\n\t\t<div class=\"elementor-element elementor-element-f8f9b2b e-flex e-con-boxed e-con e-parent\" data-id=\"f8f9b2b\" data-element_type=\"container\" data-e-type=\"container\">\n\t\t\t\t\t<div class=\"e-con-inner\">\n\t\t\t\t<div class=\"elementor-element elementor-element-73dfd6b elementor-align-center elementor-invisible elementor-widget elementor-widget-button\" data-id=\"73dfd6b\" data-element_type=\"widget\" data-e-type=\"widget\" data-settings=\"{&quot;_animation&quot;:&quot;slideInUp&quot;}\" data-widget_type=\"button.default\">\n\t\t\t\t<div class=\"elementor-widget-container\">\n\t\t\t\t\t\t\t\t\t<div class=\"elementor-button-wrapper\">\n\t\t\t\t\t<a class=\"elementor-button elementor-button-link elementor-size-sm\" href=\"https:\/\/lacumbreglobaldeliderazgo.org\/?page_id=616\">\n\t\t\t\t\t\t<span class=\"elementor-button-content-wrapper\">\n\t\t\t\t\t\t\t\t\t<span class=\"elementor-button-text\">Volver oradores<\/span>\n\t\t\t\t\t<\/span>\n\t\t\t\t\t<\/a>\n\t\t\t\t<\/div>\n\t\t\t\t\t\t\t\t<\/div>\n\t\t\t\t<\/div>\n\t\t\t\t\t<\/div>\n\t\t\t\t<\/div>\n\t\t\t\t<\/div>\n\t\t","protected":false},"excerpt":{"rendered":"<p>ERICA DHAWAN Autoridad reconocida internacionalmente como experta en trabajo en equipo, colaboraci\u00f3n e innovaci\u00f3n del siglo XXI; AUTORA DE BESTSELLERS Erica Dhawan es una autoridad reconocida internacionalmente como experta en trabajo en equipo, colaboraci\u00f3n e innovaci\u00f3n en el siglo XXI. Thinkers50 la nombr\u00f3 como la \u201cOprah de los pensadores de gesti\u00f3n\u201d, por sus estrategias innovadoras [&hellip;]<\/p>\n","protected":false},"author":1,"featured_media":0,"parent":0,"menu_order":0,"comment_status":"closed","ping_status":"closed","template":"elementor_header_footer","meta":{"om_disable_all_campaigns":false,"_monsterinsights_skip_tracking":false,"_monsterinsights_sitenote_active":false,"_monsterinsights_sitenote_note":"","_monsterinsights_sitenote_category":0,"footnotes":""},"class_list":["post-1542","page","type-page","status-publish","hentry"],"aioseo_notices":[],"_links":{"self":[{"href":"https:\/\/lacumbreglobaldeliderazgo.org\/index.php?rest_route=\/wp\/v2\/pages\/1542","targetHints":{"allow":["GET"]}}],"collection":[{"href":"https:\/\/lacumbreglobaldeliderazgo.org\/index.php?rest_route=\/wp\/v2\/pages"}],"about":[{"href":"https:\/\/lacumbreglobaldeliderazgo.org\/index.php?rest_route=\/wp\/v2\/types\/page"}],"author":[{"embeddable":true,"href":"https:\/\/lacumbreglobaldeliderazgo.org\/index.php?rest_route=\/wp\/v2\/users\/1"}],"replies":[{"embeddable":true,"href":"https:\/\/lacumbreglobaldeliderazgo.org\/index.php?rest_route=%2Fwp%2Fv2%2Fcomments&post=1542"}],"version-history":[{"count":13,"href":"https:\/\/lacumbreglobaldeliderazgo.org\/index.php?rest_route=\/wp\/v2\/pages\/1542\/revisions"}],"predecessor-version":[{"id":1728,"href":"https:\/\/lacumbreglobaldeliderazgo.org\/index.php?rest_route=\/wp\/v2\/pages\/1542\/revisions\/1728"}],"wp:attachment":[{"href":"https:\/\/lacumbreglobaldeliderazgo.org\/index.php?rest_route=%2Fwp%2Fv2%2Fmedia&parent=1542"}],"curies":[{"name":"wp","href":"https:\/\/api.w.org\/{rel}","templated":true}]}}