{"id":1570,"date":"2025-08-21T16:29:08","date_gmt":"2025-08-21T16:29:08","guid":{"rendered":"https:\/\/lacumbreglobaldeliderazgo.org\/?page_id=1570"},"modified":"2025-08-21T18:54:01","modified_gmt":"2025-08-21T18:54:01","slug":"stephanie-chung","status":"publish","type":"page","link":"https:\/\/lacumbreglobaldeliderazgo.org\/?page_id=1570","title":{"rendered":"STEPHANIE CHUNG"},"content":{"rendered":"\t\t<div data-elementor-type=\"wp-page\" data-elementor-id=\"1570\" class=\"elementor elementor-1570\">\n\t\t\t\t<div class=\"elementor-element elementor-element-8a2c760 elementor-hidden-tablet elementor-hidden-mobile e-flex e-con-boxed e-con e-parent\" data-id=\"8a2c760\" data-element_type=\"container\" data-e-type=\"container\">\n\t\t\t\t\t<div class=\"e-con-inner\">\n\t\t<div class=\"elementor-element elementor-element-8c4647a e-con-full e-flex e-con e-child\" data-id=\"8c4647a\" data-element_type=\"container\" data-e-type=\"container\">\n\t\t\t\t<div class=\"elementor-element elementor-element-87b3330 elementor-widget elementor-widget-heading\" data-id=\"87b3330\" data-element_type=\"widget\" data-e-type=\"widget\" data-widget_type=\"heading.default\">\n\t\t\t\t<div class=\"elementor-widget-container\">\n\t\t\t\t\t<h2 class=\"elementor-heading-title elementor-size-default\">STEPHANIE CHUNG<\/h2>\t\t\t\t<\/div>\n\t\t\t\t<\/div>\n\t\t\t\t<div class=\"elementor-element elementor-element-cea22b8 elementor-widget elementor-widget-heading\" data-id=\"cea22b8\" data-element_type=\"widget\" data-e-type=\"widget\" data-widget_type=\"heading.default\">\n\t\t\t\t<div class=\"elementor-widget-container\">\n\t\t\t\t\t<h2 class=\"elementor-heading-title elementor-size-default\">EXDIRECTORA DE CRECIMIENTO de Wheels Up;\nEXPERTA EN VENTAS Y LIDERAZGO<\/h2>\t\t\t\t<\/div>\n\t\t\t\t<\/div>\n\t\t\t\t<div class=\"elementor-element elementor-element-0f7bee8 elementor-widget elementor-widget-heading\" data-id=\"0f7bee8\" data-element_type=\"widget\" data-e-type=\"widget\" data-widget_type=\"heading.default\">\n\t\t\t\t<div class=\"elementor-widget-container\">\n\t\t\t\t\t<h2 class=\"elementor-heading-title elementor-size-default\">Stephanie Chung hizo historia al convertirse en la primera afroamericana y la segunda\nmujer en ser presidenta de una gran compa\u00f1ia de aviaci\u00f3n privada. Como l\u00edder de\nventas en el sector de aviaci\u00f3n, gener\u00f3 1,000 millones de d\u00f3lares en ingresos anuales, y\nhoy comparte m\u00e1s de 30 a\u00f1os de experiencia para capacitar a otros en la neurociencia aplicada a las ventas y al\nliderazgo. Forma parte de la junta directiva de Make-A-Wish y colabora con altos l\u00edderes de seguridad nacional a\ntrav\u00e9s de Business Executives for National Security, ayudando a resolver algunos de los desaf\u00edos m\u00e1s complejos del\npa\u00eds. Es autora prol\u00edfica, y su trabajo ha sido traducido a 60 idiomas. Su libro m\u00e1s reciente es: \u201cAlly Leadership: How\nto Lead People Who Are Not Like You.\u201d<\/h2>\t\t\t\t<\/div>\n\t\t\t\t<\/div>\n\t\t\t\t<\/div>\n\t\t<div class=\"elementor-element elementor-element-d653aa2 e-con-full e-flex e-con e-child\" data-id=\"d653aa2\" data-element_type=\"container\" data-e-type=\"container\" data-settings=\"{&quot;background_background&quot;:&quot;classic&quot;}\">\n\t\t\t\t<div class=\"elementor-element elementor-element-8e9d80a elementor-widget elementor-widget-image\" data-id=\"8e9d80a\" data-element_type=\"widget\" data-e-type=\"widget\" data-widget_type=\"image.default\">\n\t\t\t\t<div class=\"elementor-widget-container\">\n\t\t\t\t\t\t\t\t\t\t\t\t\t\t\t<img fetchpriority=\"high\" decoding=\"async\" width=\"768\" height=\"768\" src=\"https:\/\/lacumbreglobaldeliderazgo.org\/wp-content\/uploads\/2025\/08\/medium-GLS25_Headshot_Stephanie_Chung_Black.jpg\" class=\"attachment-large size-large wp-image-1566\" alt=\"\" srcset=\"https:\/\/lacumbreglobaldeliderazgo.org\/wp-content\/uploads\/2025\/08\/medium-GLS25_Headshot_Stephanie_Chung_Black.jpg 768w, https:\/\/lacumbreglobaldeliderazgo.org\/wp-content\/uploads\/2025\/08\/medium-GLS25_Headshot_Stephanie_Chung_Black-300x300.jpg 300w, https:\/\/lacumbreglobaldeliderazgo.org\/wp-content\/uploads\/2025\/08\/medium-GLS25_Headshot_Stephanie_Chung_Black-150x150.jpg 150w\" sizes=\"(max-width: 768px) 100vw, 768px\" \/>\t\t\t\t\t\t\t\t\t\t\t\t\t\t\t<\/div>\n\t\t\t\t<\/div>\n\t\t\t\t<\/div>\n\t\t\t\t\t<\/div>\n\t\t\t\t<\/div>\n\t\t<div class=\"elementor-element elementor-element-2d10ce7 elementor-hidden-desktop elementor-hidden-tablet e-flex e-con-boxed e-con e-parent\" data-id=\"2d10ce7\" data-element_type=\"container\" data-e-type=\"container\">\n\t\t\t\t\t<div class=\"e-con-inner\">\n\t\t<div class=\"elementor-element elementor-element-9c81e8c e-con-full e-flex e-con e-child\" data-id=\"9c81e8c\" data-element_type=\"container\" data-e-type=\"container\">\n\t\t\t\t<div class=\"elementor-element elementor-element-ca837cf elementor-widget elementor-widget-heading\" data-id=\"ca837cf\" data-element_type=\"widget\" data-e-type=\"widget\" data-widget_type=\"heading.default\">\n\t\t\t\t<div class=\"elementor-widget-container\">\n\t\t\t\t\t<h2 class=\"elementor-heading-title elementor-size-default\">STEPHANIE CHUNG<\/h2>\t\t\t\t<\/div>\n\t\t\t\t<\/div>\n\t\t\t\t<div class=\"elementor-element elementor-element-e8ccb17 elementor-widget elementor-widget-heading\" data-id=\"e8ccb17\" data-element_type=\"widget\" data-e-type=\"widget\" data-widget_type=\"heading.default\">\n\t\t\t\t<div class=\"elementor-widget-container\">\n\t\t\t\t\t<h2 class=\"elementor-heading-title elementor-size-default\">EXDIRECTORA DE CRECIMIENTO de Wheels Up;\nEXPERTA EN VENTAS Y LIDERAZGO<\/h2>\t\t\t\t<\/div>\n\t\t\t\t<\/div>\n\t\t\t\t<div class=\"elementor-element elementor-element-df5ba3f elementor-widget elementor-widget-heading\" data-id=\"df5ba3f\" data-element_type=\"widget\" data-e-type=\"widget\" data-widget_type=\"heading.default\">\n\t\t\t\t<div class=\"elementor-widget-container\">\n\t\t\t\t\t<h2 class=\"elementor-heading-title elementor-size-default\">Stephanie Chung hizo historia al convertirse en la primera afroamericana y la segunda\nmujer en ser presidenta de una gran compa\u00f1ia de aviaci\u00f3n privada. Como l\u00edder de\nventas en el sector de aviaci\u00f3n, gener\u00f3 1,000 millones de d\u00f3lares en ingresos anuales, y\nhoy comparte m\u00e1s de 30 a\u00f1os de experiencia para capacitar a otros en la neurociencia aplicada a las ventas y al\nliderazgo. Forma parte de la junta directiva de Make-A-Wish y colabora con altos l\u00edderes de seguridad nacional a\ntrav\u00e9s de Business Executives for National Security, ayudando a resolver algunos de los desaf\u00edos m\u00e1s complejos del\npa\u00eds. Es autora prol\u00edfica, y su trabajo ha sido traducido a 60 idiomas. Su libro m\u00e1s reciente es: \u201cAlly Leadership: How\nto Lead People Who Are Not Like You.\u201d<\/h2>\t\t\t\t<\/div>\n\t\t\t\t<\/div>\n\t\t\t\t<\/div>\n\t\t<div class=\"elementor-element elementor-element-4779d2e e-con-full e-flex e-con e-child\" data-id=\"4779d2e\" data-element_type=\"container\" data-e-type=\"container\" data-settings=\"{&quot;background_background&quot;:&quot;classic&quot;}\">\n\t\t\t\t<div class=\"elementor-element elementor-element-2628657 elementor-widget elementor-widget-image\" data-id=\"2628657\" data-element_type=\"widget\" data-e-type=\"widget\" data-widget_type=\"image.default\">\n\t\t\t\t<div class=\"elementor-widget-container\">\n\t\t\t\t\t\t\t\t\t\t\t\t\t\t\t<img fetchpriority=\"high\" decoding=\"async\" width=\"768\" height=\"768\" src=\"https:\/\/lacumbreglobaldeliderazgo.org\/wp-content\/uploads\/2025\/08\/medium-GLS25_Headshot_Stephanie_Chung_Black.jpg\" class=\"attachment-large size-large wp-image-1566\" alt=\"\" srcset=\"https:\/\/lacumbreglobaldeliderazgo.org\/wp-content\/uploads\/2025\/08\/medium-GLS25_Headshot_Stephanie_Chung_Black.jpg 768w, https:\/\/lacumbreglobaldeliderazgo.org\/wp-content\/uploads\/2025\/08\/medium-GLS25_Headshot_Stephanie_Chung_Black-300x300.jpg 300w, https:\/\/lacumbreglobaldeliderazgo.org\/wp-content\/uploads\/2025\/08\/medium-GLS25_Headshot_Stephanie_Chung_Black-150x150.jpg 150w\" sizes=\"(max-width: 768px) 100vw, 768px\" \/>\t\t\t\t\t\t\t\t\t\t\t\t\t\t\t<\/div>\n\t\t\t\t<\/div>\n\t\t\t\t<\/div>\n\t\t\t\t\t<\/div>\n\t\t\t\t<\/div>\n\t\t<div class=\"elementor-element elementor-element-be2f4c3 elementor-hidden-tablet elementor-hidden-mobile e-flex e-con-boxed e-con e-parent\" data-id=\"be2f4c3\" data-element_type=\"container\" data-e-type=\"container\" data-settings=\"{&quot;background_background&quot;:&quot;classic&quot;}\">\n\t\t\t\t\t<div class=\"e-con-inner\">\n\t\t\t\t<div class=\"elementor-element elementor-element-12eff03 elementor-widget elementor-widget-heading\" data-id=\"12eff03\" data-element_type=\"widget\" data-e-type=\"widget\" data-widget_type=\"heading.default\">\n\t\t\t\t<div class=\"elementor-widget-container\">\n\t\t\t\t\t<h2 class=\"elementor-heading-title elementor-size-default\">LA CHARLA DE STEPHANIE:<br> C\u00d3MO LIDERAR A PERSONAS DIFERENTES A TI\n<\/h2>\t\t\t\t<\/div>\n\t\t\t\t<\/div>\n\t\t\t\t<div class=\"elementor-element elementor-element-7589e1b elementor-widget elementor-widget-heading\" data-id=\"7589e1b\" data-element_type=\"widget\" data-e-type=\"widget\" data-widget_type=\"heading.default\">\n\t\t\t\t<div class=\"elementor-widget-container\">\n\t\t\t\t\t<h2 class=\"elementor-heading-title elementor-size-default\">Uno de los mayores desaf\u00edos que enfrentan los l\u00edderes hoy en d\u00eda es conectar con miembros del equipo que\npiensan, trabajan y se comunican de manera diferente a ellos. En lugar de intentar que todos encajen en el\nmismo molde, los grandes l\u00edderes aprenden a desbloquear las fortalezas en esas diferencias \u2014 porque no\nsolo es lo correcto, es un liderazgo inteligente que, en \u00faltima instancia, genera \u00e9xitos empresariales. Stephanie\nChung, una ejecutiva comprobada y autora de \u201cHow to Lead People Who Are Not Like You.\u201d aporta perspectivas\npr\u00e1cticas y experiencia del mundo real, compartiendo c\u00f3mo generar confianza, comunicarse con claridad y\ncrear una cultura en la que todos se sientan vistos, escuchados y motivados. Saldr\u00e1s con estrategias pr\u00e1cticas\npara liderar de manera m\u00e1s efectiva y obtener una ventaja competitiva al aprovechar todo el potencial de cada\nindividuo.<\/h2>\t\t\t\t<\/div>\n\t\t\t\t<\/div>\n\t\t\t\t\t<\/div>\n\t\t\t\t<\/div>\n\t\t<div class=\"elementor-element elementor-element-54b5e96 elementor-hidden-desktop elementor-hidden-tablet e-flex e-con-boxed e-con e-parent\" data-id=\"54b5e96\" data-element_type=\"container\" data-e-type=\"container\" data-settings=\"{&quot;background_background&quot;:&quot;classic&quot;}\">\n\t\t\t\t\t<div class=\"e-con-inner\">\n\t\t\t\t<div class=\"elementor-element elementor-element-4d99d07 elementor-widget elementor-widget-heading\" data-id=\"4d99d07\" data-element_type=\"widget\" data-e-type=\"widget\" data-widget_type=\"heading.default\">\n\t\t\t\t<div class=\"elementor-widget-container\">\n\t\t\t\t\t<h2 class=\"elementor-heading-title elementor-size-default\">LA CHARLA DE STEPHANIE:<br> C\u00d3MO LIDERAR A PERSONAS DIFERENTES A TI\n<\/h2>\t\t\t\t<\/div>\n\t\t\t\t<\/div>\n\t\t\t\t<div class=\"elementor-element elementor-element-320d0a5 elementor-widget elementor-widget-heading\" data-id=\"320d0a5\" data-element_type=\"widget\" data-e-type=\"widget\" data-widget_type=\"heading.default\">\n\t\t\t\t<div class=\"elementor-widget-container\">\n\t\t\t\t\t<h2 class=\"elementor-heading-title elementor-size-default\">Uno de los mayores desaf\u00edos que enfrentan los l\u00edderes hoy en d\u00eda es conectar con miembros del equipo que\npiensan, trabajan y se comunican de manera diferente a ellos. En lugar de intentar que todos encajen en el\nmismo molde, los grandes l\u00edderes aprenden a desbloquear las fortalezas en esas diferencias \u2014 porque no\nsolo es lo correcto, es un liderazgo inteligente que, en \u00faltima instancia, genera \u00e9xitos empresariales. Stephanie\nChung, una ejecutiva comprobada y autora de \u201cHow to Lead People Who Are Not Like You.\u201d aporta perspectivas\npr\u00e1cticas y experiencia del mundo real, compartiendo c\u00f3mo generar confianza, comunicarse con claridad y\ncrear una cultura en la que todos se sientan vistos, escuchados y motivados. Saldr\u00e1s con estrategias pr\u00e1cticas\npara liderar de manera m\u00e1s efectiva y obtener una ventaja competitiva al aprovechar todo el potencial de cada\nindividuo.<\/h2>\t\t\t\t<\/div>\n\t\t\t\t<\/div>\n\t\t\t\t\t<\/div>\n\t\t\t\t<\/div>\n\t\t<div class=\"elementor-element elementor-element-da03221 e-flex e-con-boxed e-con e-parent\" data-id=\"da03221\" data-element_type=\"container\" data-e-type=\"container\">\n\t\t\t\t\t<div class=\"e-con-inner\">\n\t\t\t\t<div class=\"elementor-element elementor-element-8573294 elementor-align-center elementor-invisible elementor-widget elementor-widget-button\" data-id=\"8573294\" data-element_type=\"widget\" data-e-type=\"widget\" data-settings=\"{&quot;_animation&quot;:&quot;slideInUp&quot;}\" data-widget_type=\"button.default\">\n\t\t\t\t<div class=\"elementor-widget-container\">\n\t\t\t\t\t\t\t\t\t<div class=\"elementor-button-wrapper\">\n\t\t\t\t\t<a class=\"elementor-button elementor-button-link elementor-size-sm\" href=\"https:\/\/lacumbreglobaldeliderazgo.org\/?page_id=616\">\n\t\t\t\t\t\t<span class=\"elementor-button-content-wrapper\">\n\t\t\t\t\t\t\t\t\t<span class=\"elementor-button-text\">Volver oradores<\/span>\n\t\t\t\t\t<\/span>\n\t\t\t\t\t<\/a>\n\t\t\t\t<\/div>\n\t\t\t\t\t\t\t\t<\/div>\n\t\t\t\t<\/div>\n\t\t\t\t\t<\/div>\n\t\t\t\t<\/div>\n\t\t\t\t<\/div>\n\t\t","protected":false},"excerpt":{"rendered":"<p>STEPHANIE CHUNG EXDIRECTORA DE CRECIMIENTO de Wheels Up; EXPERTA EN VENTAS Y LIDERAZGO Stephanie Chung hizo historia al convertirse en la primera afroamericana y la segunda mujer en ser presidenta de una gran compa\u00f1ia de aviaci\u00f3n privada. Como l\u00edder de ventas en el sector de aviaci\u00f3n, gener\u00f3 1,000 millones de d\u00f3lares en ingresos anuales, y [&hellip;]<\/p>\n","protected":false},"author":1,"featured_media":0,"parent":0,"menu_order":0,"comment_status":"closed","ping_status":"closed","template":"elementor_header_footer","meta":{"om_disable_all_campaigns":false,"_monsterinsights_skip_tracking":false,"_monsterinsights_sitenote_active":false,"_monsterinsights_sitenote_note":"","_monsterinsights_sitenote_category":0,"footnotes":""},"class_list":["post-1570","page","type-page","status-publish","hentry"],"aioseo_notices":[],"_links":{"self":[{"href":"https:\/\/lacumbreglobaldeliderazgo.org\/index.php?rest_route=\/wp\/v2\/pages\/1570","targetHints":{"allow":["GET"]}}],"collection":[{"href":"https:\/\/lacumbreglobaldeliderazgo.org\/index.php?rest_route=\/wp\/v2\/pages"}],"about":[{"href":"https:\/\/lacumbreglobaldeliderazgo.org\/index.php?rest_route=\/wp\/v2\/types\/page"}],"author":[{"embeddable":true,"href":"https:\/\/lacumbreglobaldeliderazgo.org\/index.php?rest_route=\/wp\/v2\/users\/1"}],"replies":[{"embeddable":true,"href":"https:\/\/lacumbreglobaldeliderazgo.org\/index.php?rest_route=%2Fwp%2Fv2%2Fcomments&post=1570"}],"version-history":[{"count":10,"href":"https:\/\/lacumbreglobaldeliderazgo.org\/index.php?rest_route=\/wp\/v2\/pages\/1570\/revisions"}],"predecessor-version":[{"id":1738,"href":"https:\/\/lacumbreglobaldeliderazgo.org\/index.php?rest_route=\/wp\/v2\/pages\/1570\/revisions\/1738"}],"wp:attachment":[{"href":"https:\/\/lacumbreglobaldeliderazgo.org\/index.php?rest_route=%2Fwp%2Fv2%2Fmedia&parent=1570"}],"curies":[{"name":"wp","href":"https:\/\/api.w.org\/{rel}","templated":true}]}}