{"id":1610,"date":"2025-08-21T16:45:37","date_gmt":"2025-08-21T16:45:37","guid":{"rendered":"https:\/\/lacumbreglobaldeliderazgo.org\/?page_id=1610"},"modified":"2025-08-21T18:58:52","modified_gmt":"2025-08-21T18:58:52","slug":"thasunda-brown-duckett","status":"publish","type":"page","link":"https:\/\/lacumbreglobaldeliderazgo.org\/?page_id=1610","title":{"rendered":"THASUNDA BROWN DUCKETT"},"content":{"rendered":"\t\t<div data-elementor-type=\"wp-page\" data-elementor-id=\"1610\" class=\"elementor elementor-1610\">\n\t\t\t\t<div class=\"elementor-element elementor-element-2808187 elementor-hidden-tablet elementor-hidden-mobile e-flex e-con-boxed e-con e-parent\" data-id=\"2808187\" data-element_type=\"container\" data-e-type=\"container\">\n\t\t\t\t\t<div class=\"e-con-inner\">\n\t\t<div class=\"elementor-element elementor-element-bceb12e e-con-full e-flex e-con e-child\" data-id=\"bceb12e\" data-element_type=\"container\" data-e-type=\"container\">\n\t\t\t\t<div class=\"elementor-element elementor-element-b6b5f04 elementor-widget elementor-widget-heading\" data-id=\"b6b5f04\" data-element_type=\"widget\" data-e-type=\"widget\" data-widget_type=\"heading.default\">\n\t\t\t\t<div class=\"elementor-widget-container\">\n\t\t\t\t\t<h2 class=\"elementor-heading-title elementor-size-default\">THASUNDA BROWN DUCKETT<\/h2>\t\t\t\t<\/div>\n\t\t\t\t<\/div>\n\t\t\t\t<div class=\"elementor-element elementor-element-24fe905 elementor-widget elementor-widget-heading\" data-id=\"24fe905\" data-element_type=\"widget\" data-e-type=\"widget\" data-widget_type=\"heading.default\">\n\t\t\t\t<div class=\"elementor-widget-container\">\n\t\t\t\t\t<h2 class=\"elementor-heading-title elementor-size-default\">PRESIDENTA Y DIRECTORA GENERAL (CEO) DE TIAA; Anterior\nCeo De Consumer Bank &amp; Auto Finance, JP Morgan Chase<\/h2>\t\t\t\t<\/div>\n\t\t\t\t<\/div>\n\t\t\t\t<div class=\"elementor-element elementor-element-1964711 elementor-widget elementor-widget-heading\" data-id=\"1964711\" data-element_type=\"widget\" data-e-type=\"widget\" data-widget_type=\"heading.default\">\n\t\t\t\t<div class=\"elementor-widget-container\">\n\t\t\t\t\t<h2 class=\"elementor-heading-title elementor-size-default\">Thasunda Brown Duckett es una l\u00edder visionaria comprometida con crear m\u00e1s\noportunidades financieras para todas las personas. Actualmente es presidenta y CEO\nde TIAA, un proveedor l\u00edder de planes de jubilaci\u00f3n seguros y soluciones de inversi\u00f3n\nenfocadas en resultados. Antes de unirse a TIAA en 2021, tuvo una carrera de 17 a\u00f1os\nen JP Morgan Chase, donde ocup\u00f3 varios roles ejecutivos clave, incluyendo el de CEO del Banco de Consumo y\nFinanciamiento Automotriz. En 2024, TIME la incluy\u00f3 en su lista de las 100 personas m\u00e1s influyentes del mundo,\ny CNBC la nombr\u00f3 Agente de Cambio. Thasunda forma parte de varios consejos de administraci\u00f3n, incluyendo:\nNIKE, Inc., Robert F. Kennedy Human Rights, El Consejo Asesor del Decano de la Escuela de Negocios Hankamer\n(Universidad de Baylor) Ha recibido reconocimientos en medios como Fortune, Forbes, Barron\u2019s y American Banker.<\/h2>\t\t\t\t<\/div>\n\t\t\t\t<\/div>\n\t\t\t\t<\/div>\n\t\t<div class=\"elementor-element elementor-element-030c7e7 e-con-full e-flex e-con e-child\" data-id=\"030c7e7\" data-element_type=\"container\" data-e-type=\"container\" data-settings=\"{&quot;background_background&quot;:&quot;classic&quot;}\">\n\t\t\t\t<div class=\"elementor-element elementor-element-cb5483a elementor-widget elementor-widget-image\" data-id=\"cb5483a\" data-element_type=\"widget\" data-e-type=\"widget\" data-widget_type=\"image.default\">\n\t\t\t\t<div class=\"elementor-widget-container\">\n\t\t\t\t\t\t\t\t\t\t\t\t\t\t\t<img fetchpriority=\"high\" decoding=\"async\" width=\"768\" height=\"768\" src=\"https:\/\/lacumbreglobaldeliderazgo.org\/wp-content\/uploads\/2025\/08\/medium-Generated-image.jpg\" class=\"attachment-large size-large wp-image-1606\" alt=\"\" srcset=\"https:\/\/lacumbreglobaldeliderazgo.org\/wp-content\/uploads\/2025\/08\/medium-Generated-image.jpg 768w, https:\/\/lacumbreglobaldeliderazgo.org\/wp-content\/uploads\/2025\/08\/medium-Generated-image-300x300.jpg 300w, https:\/\/lacumbreglobaldeliderazgo.org\/wp-content\/uploads\/2025\/08\/medium-Generated-image-150x150.jpg 150w\" sizes=\"(max-width: 768px) 100vw, 768px\" \/>\t\t\t\t\t\t\t\t\t\t\t\t\t\t\t<\/div>\n\t\t\t\t<\/div>\n\t\t\t\t<\/div>\n\t\t\t\t\t<\/div>\n\t\t\t\t<\/div>\n\t\t<div class=\"elementor-element elementor-element-ecab2d2 elementor-hidden-desktop elementor-hidden-tablet e-flex e-con-boxed e-con e-parent\" data-id=\"ecab2d2\" data-element_type=\"container\" data-e-type=\"container\">\n\t\t\t\t\t<div class=\"e-con-inner\">\n\t\t<div class=\"elementor-element elementor-element-da43fdb e-con-full e-flex e-con e-child\" data-id=\"da43fdb\" data-element_type=\"container\" data-e-type=\"container\">\n\t\t\t\t<div class=\"elementor-element elementor-element-cef905f elementor-widget elementor-widget-heading\" data-id=\"cef905f\" data-element_type=\"widget\" data-e-type=\"widget\" data-widget_type=\"heading.default\">\n\t\t\t\t<div class=\"elementor-widget-container\">\n\t\t\t\t\t<h2 class=\"elementor-heading-title elementor-size-default\">THASUNDA BROWN DUCKETT<\/h2>\t\t\t\t<\/div>\n\t\t\t\t<\/div>\n\t\t\t\t<div class=\"elementor-element elementor-element-d216a78 elementor-widget elementor-widget-heading\" data-id=\"d216a78\" data-element_type=\"widget\" data-e-type=\"widget\" data-widget_type=\"heading.default\">\n\t\t\t\t<div class=\"elementor-widget-container\">\n\t\t\t\t\t<h2 class=\"elementor-heading-title elementor-size-default\">PRESIDENTA Y DIRECTORA GENERAL (CEO) DE TIAA; Anterior\nCeo De Consumer Bank &amp; Auto Finance, JP Morgan Chase<\/h2>\t\t\t\t<\/div>\n\t\t\t\t<\/div>\n\t\t\t\t<div class=\"elementor-element elementor-element-7fc46cc elementor-widget elementor-widget-heading\" data-id=\"7fc46cc\" data-element_type=\"widget\" data-e-type=\"widget\" data-widget_type=\"heading.default\">\n\t\t\t\t<div class=\"elementor-widget-container\">\n\t\t\t\t\t<h2 class=\"elementor-heading-title elementor-size-default\">Thasunda Brown Duckett es una l\u00edder visionaria comprometida con crear m\u00e1s\noportunidades financieras para todas las personas. Actualmente es presidenta y CEO\nde TIAA, un proveedor l\u00edder de planes de jubilaci\u00f3n seguros y soluciones de inversi\u00f3n\nenfocadas en resultados. Antes de unirse a TIAA en 2021, tuvo una carrera de 17 a\u00f1os\nen JP Morgan Chase, donde ocup\u00f3 varios roles ejecutivos clave, incluyendo el de CEO del Banco de Consumo y\nFinanciamiento Automotriz. En 2024, TIME la incluy\u00f3 en su lista de las 100 personas m\u00e1s influyentes del mundo,\ny CNBC la nombr\u00f3 Agente de Cambio. Thasunda forma parte de varios consejos de administraci\u00f3n, incluyendo:\nNIKE, Inc., Robert F. Kennedy Human Rights, El Consejo Asesor del Decano de la Escuela de Negocios Hankamer\n(Universidad de Baylor) Ha recibido reconocimientos en medios como Fortune, Forbes, Barron\u2019s y American Banker.<\/h2>\t\t\t\t<\/div>\n\t\t\t\t<\/div>\n\t\t\t\t<\/div>\n\t\t<div class=\"elementor-element elementor-element-a218ea1 e-con-full e-flex e-con e-child\" data-id=\"a218ea1\" data-element_type=\"container\" data-e-type=\"container\" data-settings=\"{&quot;background_background&quot;:&quot;classic&quot;}\">\n\t\t\t\t<div class=\"elementor-element elementor-element-38bbc5c elementor-widget elementor-widget-image\" data-id=\"38bbc5c\" data-element_type=\"widget\" data-e-type=\"widget\" data-widget_type=\"image.default\">\n\t\t\t\t<div class=\"elementor-widget-container\">\n\t\t\t\t\t\t\t\t\t\t\t\t\t\t\t<img fetchpriority=\"high\" decoding=\"async\" width=\"768\" height=\"768\" src=\"https:\/\/lacumbreglobaldeliderazgo.org\/wp-content\/uploads\/2025\/08\/medium-Generated-image.jpg\" class=\"attachment-large size-large wp-image-1606\" alt=\"\" srcset=\"https:\/\/lacumbreglobaldeliderazgo.org\/wp-content\/uploads\/2025\/08\/medium-Generated-image.jpg 768w, https:\/\/lacumbreglobaldeliderazgo.org\/wp-content\/uploads\/2025\/08\/medium-Generated-image-300x300.jpg 300w, https:\/\/lacumbreglobaldeliderazgo.org\/wp-content\/uploads\/2025\/08\/medium-Generated-image-150x150.jpg 150w\" sizes=\"(max-width: 768px) 100vw, 768px\" \/>\t\t\t\t\t\t\t\t\t\t\t\t\t\t\t<\/div>\n\t\t\t\t<\/div>\n\t\t\t\t<\/div>\n\t\t\t\t\t<\/div>\n\t\t\t\t<\/div>\n\t\t<div class=\"elementor-element elementor-element-c784f74 elementor-hidden-tablet elementor-hidden-mobile e-flex e-con-boxed e-con e-parent\" data-id=\"c784f74\" data-element_type=\"container\" data-e-type=\"container\" data-settings=\"{&quot;background_background&quot;:&quot;classic&quot;}\">\n\t\t\t\t\t<div class=\"e-con-inner\">\n\t\t\t\t<div class=\"elementor-element elementor-element-0565b41 elementor-widget elementor-widget-heading\" data-id=\"0565b41\" data-element_type=\"widget\" data-e-type=\"widget\" data-widget_type=\"heading.default\">\n\t\t\t\t<div class=\"elementor-widget-container\">\n\t\t\t\t\t<h2 class=\"elementor-heading-title elementor-size-default\">LA CHARLA DE THASUNDA: <br>CONFIANZA UNO A UNO CON THASUNDA BROWN DUCKETT\n<\/h2>\t\t\t\t<\/div>\n\t\t\t\t<\/div>\n\t\t\t\t<div class=\"elementor-element elementor-element-b60f9ce elementor-widget elementor-widget-heading\" data-id=\"b60f9ce\" data-element_type=\"widget\" data-e-type=\"widget\" data-widget_type=\"heading.default\">\n\t\t\t\t<div class=\"elementor-widget-container\">\n\t\t\t\t\t<h2 class=\"elementor-heading-title elementor-size-default\">Los l\u00edderes saben que no es suficiente simplemente tener \u00e9xito \u2014 debes entregar resultados, mantenerte\ncentrado personalmente y crear espacios donde otros puedan prosperar. En esta entrevista en vivo y\nsincera con David Ashcraft, la CEO Thasunda Brown Duckett compartir\u00e1 c\u00f3mo construy\u00f3 culturas inclusivas\nque realmente funcionaron y encontr\u00f3 apoyo de aliados inesperados en el camino. A trav\u00e9s de historias\npersonales y perspectivas significativas, hablar\u00e1 abiertamente sobre c\u00f3mo superar el s\u00edndrome del\nimpostor, afrontar contratiempos y utilizar cada desaf\u00edo como catalizador de crecimiento. Insp\u00edrate a liderar\ncon confianza y a trazar un camino hacia un impacto a\u00fan mayor.<\/h2>\t\t\t\t<\/div>\n\t\t\t\t<\/div>\n\t\t\t\t\t<\/div>\n\t\t\t\t<\/div>\n\t\t<div class=\"elementor-element elementor-element-7713ddc elementor-hidden-desktop elementor-hidden-tablet e-flex e-con-boxed e-con e-parent\" data-id=\"7713ddc\" data-element_type=\"container\" data-e-type=\"container\" data-settings=\"{&quot;background_background&quot;:&quot;classic&quot;}\">\n\t\t\t\t\t<div class=\"e-con-inner\">\n\t\t\t\t<div class=\"elementor-element elementor-element-b578a29 elementor-widget elementor-widget-heading\" data-id=\"b578a29\" data-element_type=\"widget\" data-e-type=\"widget\" data-widget_type=\"heading.default\">\n\t\t\t\t<div class=\"elementor-widget-container\">\n\t\t\t\t\t<h2 class=\"elementor-heading-title elementor-size-default\">LA CHARLA DE THASUNDA: <br>CONFIANZA UNO A UNO CON THASUNDA BROWN DUCKETT\n<\/h2>\t\t\t\t<\/div>\n\t\t\t\t<\/div>\n\t\t\t\t<div class=\"elementor-element elementor-element-0b212d9 elementor-widget elementor-widget-heading\" data-id=\"0b212d9\" data-element_type=\"widget\" data-e-type=\"widget\" data-widget_type=\"heading.default\">\n\t\t\t\t<div class=\"elementor-widget-container\">\n\t\t\t\t\t<h2 class=\"elementor-heading-title elementor-size-default\">Los l\u00edderes saben que no es suficiente simplemente tener \u00e9xito \u2014 debes entregar resultados, mantenerte\ncentrado personalmente y crear espacios donde otros puedan prosperar. En esta entrevista en vivo y\nsincera con David Ashcraft, la CEO Thasunda Brown Duckett compartir\u00e1 c\u00f3mo construy\u00f3 culturas inclusivas\nque realmente funcionaron y encontr\u00f3 apoyo de aliados inesperados en el camino. A trav\u00e9s de historias\npersonales y perspectivas significativas, hablar\u00e1 abiertamente sobre c\u00f3mo superar el s\u00edndrome del\nimpostor, afrontar contratiempos y utilizar cada desaf\u00edo como catalizador de crecimiento. Insp\u00edrate a liderar\ncon confianza y a trazar un camino hacia un impacto a\u00fan mayor.<\/h2>\t\t\t\t<\/div>\n\t\t\t\t<\/div>\n\t\t\t\t\t<\/div>\n\t\t\t\t<\/div>\n\t\t<div class=\"elementor-element elementor-element-5060e1e e-flex e-con-boxed e-con e-parent\" data-id=\"5060e1e\" data-element_type=\"container\" data-e-type=\"container\">\n\t\t\t\t\t<div class=\"e-con-inner\">\n\t\t\t\t<div class=\"elementor-element elementor-element-aa0fdeb elementor-align-center elementor-invisible elementor-widget elementor-widget-button\" data-id=\"aa0fdeb\" data-element_type=\"widget\" data-e-type=\"widget\" data-settings=\"{&quot;_animation&quot;:&quot;slideInUp&quot;}\" data-widget_type=\"button.default\">\n\t\t\t\t<div class=\"elementor-widget-container\">\n\t\t\t\t\t\t\t\t\t<div class=\"elementor-button-wrapper\">\n\t\t\t\t\t<a class=\"elementor-button elementor-button-link elementor-size-sm\" href=\"https:\/\/lacumbreglobaldeliderazgo.org\/?page_id=616\">\n\t\t\t\t\t\t<span class=\"elementor-button-content-wrapper\">\n\t\t\t\t\t\t\t\t\t<span class=\"elementor-button-text\">Volver oradores<\/span>\n\t\t\t\t\t<\/span>\n\t\t\t\t\t<\/a>\n\t\t\t\t<\/div>\n\t\t\t\t\t\t\t\t<\/div>\n\t\t\t\t<\/div>\n\t\t\t\t\t<\/div>\n\t\t\t\t<\/div>\n\t\t\t\t<\/div>\n\t\t","protected":false},"excerpt":{"rendered":"<p>THASUNDA BROWN DUCKETT PRESIDENTA Y DIRECTORA GENERAL (CEO) DE TIAA; Anterior Ceo De Consumer Bank &amp; Auto Finance, JP Morgan Chase Thasunda Brown Duckett es una l\u00edder visionaria comprometida con crear m\u00e1s oportunidades financieras para todas las personas. Actualmente es presidenta y CEO de TIAA, un proveedor l\u00edder de planes de jubilaci\u00f3n seguros y soluciones [&hellip;]<\/p>\n","protected":false},"author":1,"featured_media":0,"parent":0,"menu_order":0,"comment_status":"closed","ping_status":"closed","template":"elementor_header_footer","meta":{"om_disable_all_campaigns":false,"_monsterinsights_skip_tracking":false,"_monsterinsights_sitenote_active":false,"_monsterinsights_sitenote_note":"","_monsterinsights_sitenote_category":0,"footnotes":""},"class_list":["post-1610","page","type-page","status-publish","hentry"],"aioseo_notices":[],"_links":{"self":[{"href":"https:\/\/lacumbreglobaldeliderazgo.org\/index.php?rest_route=\/wp\/v2\/pages\/1610","targetHints":{"allow":["GET"]}}],"collection":[{"href":"https:\/\/lacumbreglobaldeliderazgo.org\/index.php?rest_route=\/wp\/v2\/pages"}],"about":[{"href":"https:\/\/lacumbreglobaldeliderazgo.org\/index.php?rest_route=\/wp\/v2\/types\/page"}],"author":[{"embeddable":true,"href":"https:\/\/lacumbreglobaldeliderazgo.org\/index.php?rest_route=\/wp\/v2\/users\/1"}],"replies":[{"embeddable":true,"href":"https:\/\/lacumbreglobaldeliderazgo.org\/index.php?rest_route=%2Fwp%2Fv2%2Fcomments&post=1610"}],"version-history":[{"count":10,"href":"https:\/\/lacumbreglobaldeliderazgo.org\/index.php?rest_route=\/wp\/v2\/pages\/1610\/revisions"}],"predecessor-version":[{"id":1747,"href":"https:\/\/lacumbreglobaldeliderazgo.org\/index.php?rest_route=\/wp\/v2\/pages\/1610\/revisions\/1747"}],"wp:attachment":[{"href":"https:\/\/lacumbreglobaldeliderazgo.org\/index.php?rest_route=%2Fwp%2Fv2%2Fmedia&parent=1610"}],"curies":[{"name":"wp","href":"https:\/\/api.w.org\/{rel}","templated":true}]}}