{"id":704,"date":"2024-10-22T18:36:32","date_gmt":"2024-10-22T18:36:32","guid":{"rendered":"https:\/\/lacumbreglobaldeliderazgo.org\/?page_id=704"},"modified":"2025-08-21T18:39:48","modified_gmt":"2025-08-21T18:39:48","slug":"joni-eareckson-tada","status":"publish","type":"page","link":"https:\/\/lacumbreglobaldeliderazgo.org\/?page_id=704","title":{"rendered":"CHRISTINE CAINE"},"content":{"rendered":"\t\t<div data-elementor-type=\"wp-page\" data-elementor-id=\"704\" class=\"elementor elementor-704\">\n\t\t\t\t<div class=\"elementor-element elementor-element-0435de6 elementor-hidden-tablet elementor-hidden-mobile e-flex e-con-boxed e-con e-parent\" data-id=\"0435de6\" data-element_type=\"container\" data-e-type=\"container\">\n\t\t\t\t\t<div class=\"e-con-inner\">\n\t\t<div class=\"elementor-element elementor-element-15ea855 e-con-full e-flex e-con e-child\" data-id=\"15ea855\" data-element_type=\"container\" data-e-type=\"container\">\n\t\t\t\t<div class=\"elementor-element elementor-element-05980c2 elementor-widget elementor-widget-heading\" data-id=\"05980c2\" data-element_type=\"widget\" data-e-type=\"widget\" data-widget_type=\"heading.default\">\n\t\t\t\t<div class=\"elementor-widget-container\">\n\t\t\t\t\t<h2 class=\"elementor-heading-title elementor-size-default\">CHRISTINE CAINE<\/h2>\t\t\t\t<\/div>\n\t\t\t\t<\/div>\n\t\t\t\t<div class=\"elementor-element elementor-element-fb07dbd elementor-widget elementor-widget-heading\" data-id=\"fb07dbd\" data-element_type=\"widget\" data-e-type=\"widget\" data-widget_type=\"heading.default\">\n\t\t\t\t<div class=\"elementor-widget-container\">\n\t\t\t\t\t<h2 class=\"elementor-heading-title elementor-size-default\">COFUNDADORA, The A21 Campaign y Propel Women;\nBESTSELLING AUTHOR<\/h2>\t\t\t\t<\/div>\n\t\t\t\t<\/div>\n\t\t\t\t<div class=\"elementor-element elementor-element-59f1f54 elementor-widget elementor-widget-heading\" data-id=\"59f1f54\" data-element_type=\"widget\" data-e-type=\"widget\" data-widget_type=\"heading.default\">\n\t\t\t\t<div class=\"elementor-widget-container\">\n\t\t\t\t\t<h2 class=\"elementor-heading-title elementor-size-default\">Christine Caine es conferencista, activista y autora de bestsellers con m\u00e1s de una docena de\nlibros y estudios. En 2008, Christine y su esposo fundaron The A21 Campaign, una organizaci\u00f3n\ncontra la trata de personas galardonada con el Premio Conmemorativo Madre Teresa por su\nlabor combatiendo la trata de personas entre refugiados. Tambi\u00e9n fundaron Equip &amp; Empower, un ministerio que impulsa\na las personas a vivir en misi\u00f3n por Jes\u00fas, y Propel Women, que acompa\u00f1a a mujeres de todo el mundo para que activen\nel prop\u00f3sito que Dios les ha dado. Su ministerio ha plantado tres iglesias Zoe en Europa, llevando el Evangelio a la regi\u00f3n\ny sirviendo a los m\u00e1s vulnerables en momentos de crisis. Es autora del libro Don\u2019t Look Back: Getting Unstuck and Moving\nForward with Passion and Purpose (No mires atr\u00e1s: Liberarse y avanzar con pasi\u00f3n y prop\u00f3sito) <\/h2>\t\t\t\t<\/div>\n\t\t\t\t<\/div>\n\t\t\t\t<\/div>\n\t\t<div class=\"elementor-element elementor-element-0b497b5 e-con-full e-flex e-con e-child\" data-id=\"0b497b5\" data-element_type=\"container\" data-e-type=\"container\">\n\t\t\t\t<div class=\"elementor-element elementor-element-91a4018 elementor-widget elementor-widget-image\" data-id=\"91a4018\" data-element_type=\"widget\" data-e-type=\"widget\" data-widget_type=\"image.default\">\n\t\t\t\t<div class=\"elementor-widget-container\">\n\t\t\t\t\t\t\t\t\t\t\t\t\t\t\t<img fetchpriority=\"high\" decoding=\"async\" width=\"768\" height=\"768\" src=\"https:\/\/lacumbreglobaldeliderazgo.org\/wp-content\/uploads\/2025\/08\/medium-GLS25_Headshot_Christine_Caine_Black.jpg\" class=\"attachment-large size-large wp-image-1442\" alt=\"\" srcset=\"https:\/\/lacumbreglobaldeliderazgo.org\/wp-content\/uploads\/2025\/08\/medium-GLS25_Headshot_Christine_Caine_Black.jpg 768w, https:\/\/lacumbreglobaldeliderazgo.org\/wp-content\/uploads\/2025\/08\/medium-GLS25_Headshot_Christine_Caine_Black-300x300.jpg 300w, https:\/\/lacumbreglobaldeliderazgo.org\/wp-content\/uploads\/2025\/08\/medium-GLS25_Headshot_Christine_Caine_Black-150x150.jpg 150w\" sizes=\"(max-width: 768px) 100vw, 768px\" \/>\t\t\t\t\t\t\t\t\t\t\t\t\t\t\t<\/div>\n\t\t\t\t<\/div>\n\t\t\t\t<\/div>\n\t\t\t\t\t<\/div>\n\t\t\t\t<\/div>\n\t\t<div class=\"elementor-element elementor-element-13721aa elementor-hidden-desktop elementor-hidden-tablet e-flex e-con-boxed e-con e-parent\" data-id=\"13721aa\" data-element_type=\"container\" data-e-type=\"container\">\n\t\t\t\t\t<div class=\"e-con-inner\">\n\t\t<div class=\"elementor-element elementor-element-8f0c577 e-con-full e-flex e-con e-child\" data-id=\"8f0c577\" data-element_type=\"container\" data-e-type=\"container\">\n\t\t\t\t<div class=\"elementor-element elementor-element-464e17b elementor-widget elementor-widget-heading\" data-id=\"464e17b\" data-element_type=\"widget\" data-e-type=\"widget\" data-widget_type=\"heading.default\">\n\t\t\t\t<div class=\"elementor-widget-container\">\n\t\t\t\t\t<h2 class=\"elementor-heading-title elementor-size-default\">CHRISTINE CAINE<\/h2>\t\t\t\t<\/div>\n\t\t\t\t<\/div>\n\t\t\t\t<div class=\"elementor-element elementor-element-6dda2d4 elementor-widget elementor-widget-heading\" data-id=\"6dda2d4\" data-element_type=\"widget\" data-e-type=\"widget\" data-widget_type=\"heading.default\">\n\t\t\t\t<div class=\"elementor-widget-container\">\n\t\t\t\t\t<h2 class=\"elementor-heading-title elementor-size-default\">COFUNDADORA, The A21 Campaign y Propel Women;\nBESTSELLING AUTHOR<\/h2>\t\t\t\t<\/div>\n\t\t\t\t<\/div>\n\t\t\t\t<div class=\"elementor-element elementor-element-4920bcc elementor-widget elementor-widget-heading\" data-id=\"4920bcc\" data-element_type=\"widget\" data-e-type=\"widget\" data-widget_type=\"heading.default\">\n\t\t\t\t<div class=\"elementor-widget-container\">\n\t\t\t\t\t<h2 class=\"elementor-heading-title elementor-size-default\">Christine Caine es conferencista, activista y autora de bestsellers con m\u00e1s de una docena de\nlibros y estudios. En 2008, Christine y su esposo fundaron The A21 Campaign, una organizaci\u00f3n\ncontra la trata de personas galardonada con el Premio Conmemorativo Madre Teresa por su\nlabor combatiendo la trata de personas entre refugiados. Tambi\u00e9n fundaron Equip &amp; Empower, un ministerio que impulsa\na las personas a vivir en misi\u00f3n por Jes\u00fas, y Propel Women, que acompa\u00f1a a mujeres de todo el mundo para que activen\nel prop\u00f3sito que Dios les ha dado. Su ministerio ha plantado tres iglesias Zoe en Europa, llevando el Evangelio a la regi\u00f3n\ny sirviendo a los m\u00e1s vulnerables en momentos de crisis. Es autora del libro Don\u2019t Look Back: Getting Unstuck and Moving\nForward with Passion and Purpose (No mires atr\u00e1s: Liberarse y avanzar con pasi\u00f3n y prop\u00f3sito) <\/h2>\t\t\t\t<\/div>\n\t\t\t\t<\/div>\n\t\t\t\t<\/div>\n\t\t<div class=\"elementor-element elementor-element-18c6367 e-con-full e-flex e-con e-child\" data-id=\"18c6367\" data-element_type=\"container\" data-e-type=\"container\">\n\t\t\t\t<div class=\"elementor-element elementor-element-257d10e elementor-widget elementor-widget-image\" data-id=\"257d10e\" data-element_type=\"widget\" data-e-type=\"widget\" data-widget_type=\"image.default\">\n\t\t\t\t<div class=\"elementor-widget-container\">\n\t\t\t\t\t\t\t\t\t\t\t\t\t\t\t<img fetchpriority=\"high\" decoding=\"async\" width=\"768\" height=\"768\" src=\"https:\/\/lacumbreglobaldeliderazgo.org\/wp-content\/uploads\/2025\/08\/medium-GLS25_Headshot_Christine_Caine_Black.jpg\" class=\"attachment-large size-large wp-image-1442\" alt=\"\" srcset=\"https:\/\/lacumbreglobaldeliderazgo.org\/wp-content\/uploads\/2025\/08\/medium-GLS25_Headshot_Christine_Caine_Black.jpg 768w, https:\/\/lacumbreglobaldeliderazgo.org\/wp-content\/uploads\/2025\/08\/medium-GLS25_Headshot_Christine_Caine_Black-300x300.jpg 300w, https:\/\/lacumbreglobaldeliderazgo.org\/wp-content\/uploads\/2025\/08\/medium-GLS25_Headshot_Christine_Caine_Black-150x150.jpg 150w\" sizes=\"(max-width: 768px) 100vw, 768px\" \/>\t\t\t\t\t\t\t\t\t\t\t\t\t\t\t<\/div>\n\t\t\t\t<\/div>\n\t\t\t\t<\/div>\n\t\t\t\t\t<\/div>\n\t\t\t\t<\/div>\n\t\t<div class=\"elementor-element elementor-element-509a6ce elementor-hidden-tablet elementor-hidden-mobile e-flex e-con-boxed e-con e-parent\" data-id=\"509a6ce\" data-element_type=\"container\" data-e-type=\"container\" data-settings=\"{&quot;background_background&quot;:&quot;classic&quot;}\">\n\t\t\t\t\t<div class=\"e-con-inner\">\n\t\t\t\t<div class=\"elementor-element elementor-element-be53e5f elementor-widget elementor-widget-heading\" data-id=\"be53e5f\" data-element_type=\"widget\" data-e-type=\"widget\" data-widget_type=\"heading.default\">\n\t\t\t\t<div class=\"elementor-widget-container\">\n\t\t\t\t\t<h2 class=\"elementor-heading-title elementor-size-default\">LA CHARLA DE CHRISTINE: <br>UNA VISI\u00d3N QUE SOSTIENE\n<\/h2>\t\t\t\t<\/div>\n\t\t\t\t<\/div>\n\t\t\t\t<div class=\"elementor-element elementor-element-063209d elementor-widget elementor-widget-heading\" data-id=\"063209d\" data-element_type=\"widget\" data-e-type=\"widget\" data-widget_type=\"heading.default\">\n\t\t\t\t<div class=\"elementor-widget-container\">\n\t\t\t\t\t<h2 class=\"elementor-heading-title elementor-size-default\">En lo m\u00e1s profundo, todo l\u00edder anhela saber que su trabajo realmente importa \u2014 pero mantenerse anclado\na una visi\u00f3n clara no siempre es f\u00e1cil en medio de demandas constantes. Christine Caine \u2014 quien ha\nliderado equipos en diversas industrias y continentes \u2014 inspirar\u00e1 a los l\u00edderes a recuperar una visi\u00f3n que\nimpulse un impacto real. Compartir\u00e1 c\u00f3mo reconocer las formas sutiles en que los l\u00edderes pueden desviarse\ndel rumbo y por qu\u00e9 la visi\u00f3n es una de las mayores fuentes de fortaleza y claridad, especialmente en\ntemporadas de turbulencia e inestabilidad. Saldr\u00e1s con un renovado sentido de prop\u00f3sito, una visi\u00f3n fresca\ny estrategias pr\u00e1cticas para liderar con confianza y esperanza.<\/h2>\t\t\t\t<\/div>\n\t\t\t\t<\/div>\n\t\t\t\t\t<\/div>\n\t\t\t\t<\/div>\n\t\t<div class=\"elementor-element elementor-element-012d30c elementor-hidden-desktop elementor-hidden-tablet e-flex e-con-boxed e-con e-parent\" data-id=\"012d30c\" data-element_type=\"container\" data-e-type=\"container\" data-settings=\"{&quot;background_background&quot;:&quot;classic&quot;}\">\n\t\t\t\t\t<div class=\"e-con-inner\">\n\t\t\t\t<div class=\"elementor-element elementor-element-11118e3 elementor-widget elementor-widget-heading\" data-id=\"11118e3\" data-element_type=\"widget\" data-e-type=\"widget\" data-widget_type=\"heading.default\">\n\t\t\t\t<div class=\"elementor-widget-container\">\n\t\t\t\t\t<h2 class=\"elementor-heading-title elementor-size-default\">LA CHARLA DE CHRISTINE: <br>UNA VISI\u00d3N QUE SOSTIENE\n<\/h2>\t\t\t\t<\/div>\n\t\t\t\t<\/div>\n\t\t\t\t<div class=\"elementor-element elementor-element-1ad2861 elementor-widget elementor-widget-heading\" data-id=\"1ad2861\" data-element_type=\"widget\" data-e-type=\"widget\" data-widget_type=\"heading.default\">\n\t\t\t\t<div class=\"elementor-widget-container\">\n\t\t\t\t\t<h2 class=\"elementor-heading-title elementor-size-default\">En lo m\u00e1s profundo, todo l\u00edder anhela saber que su trabajo realmente importa \u2014 pero mantenerse anclado\na una visi\u00f3n clara no siempre es f\u00e1cil en medio de demandas constantes. Christine Caine \u2014 quien ha\nliderado equipos en diversas industrias y continentes \u2014 inspirar\u00e1 a los l\u00edderes a recuperar una visi\u00f3n que\nimpulse un impacto real. Compartir\u00e1 c\u00f3mo reconocer las formas sutiles en que los l\u00edderes pueden desviarse\ndel rumbo y por qu\u00e9 la visi\u00f3n es una de las mayores fuentes de fortaleza y claridad, especialmente en\ntemporadas de turbulencia e inestabilidad. Saldr\u00e1s con un renovado sentido de prop\u00f3sito, una visi\u00f3n fresca\ny estrategias pr\u00e1cticas para liderar con confianza y esperanza.<\/h2>\t\t\t\t<\/div>\n\t\t\t\t<\/div>\n\t\t\t\t\t<\/div>\n\t\t\t\t<\/div>\n\t\t<div class=\"elementor-element elementor-element-d0fe010 e-flex e-con-boxed e-con e-parent\" data-id=\"d0fe010\" data-element_type=\"container\" data-e-type=\"container\">\n\t\t\t\t\t<div class=\"e-con-inner\">\n\t\t\t\t<div class=\"elementor-element elementor-element-f9bbcac elementor-align-center elementor-invisible elementor-widget elementor-widget-button\" data-id=\"f9bbcac\" data-element_type=\"widget\" data-e-type=\"widget\" data-settings=\"{&quot;_animation&quot;:&quot;slideInUp&quot;}\" data-widget_type=\"button.default\">\n\t\t\t\t<div class=\"elementor-widget-container\">\n\t\t\t\t\t\t\t\t\t<div class=\"elementor-button-wrapper\">\n\t\t\t\t\t<a class=\"elementor-button elementor-button-link elementor-size-sm\" href=\"https:\/\/lacumbreglobaldeliderazgo.org\/?page_id=616\">\n\t\t\t\t\t\t<span class=\"elementor-button-content-wrapper\">\n\t\t\t\t\t\t\t\t\t<span class=\"elementor-button-text\">Volver oradores<\/span>\n\t\t\t\t\t<\/span>\n\t\t\t\t\t<\/a>\n\t\t\t\t<\/div>\n\t\t\t\t\t\t\t\t<\/div>\n\t\t\t\t<\/div>\n\t\t\t\t\t<\/div>\n\t\t\t\t<\/div>\n\t\t\t\t<\/div>\n\t\t","protected":false},"excerpt":{"rendered":"<p>CHRISTINE CAINE COFUNDADORA, The A21 Campaign y Propel Women; BESTSELLING AUTHOR Christine Caine es conferencista, activista y autora de bestsellers con m\u00e1s de una docena de libros y estudios. En 2008, Christine y su esposo fundaron The A21 Campaign, una organizaci\u00f3n contra la trata de personas galardonada con el Premio Conmemorativo Madre Teresa por su [&hellip;]<\/p>\n","protected":false},"author":2,"featured_media":0,"parent":0,"menu_order":0,"comment_status":"closed","ping_status":"closed","template":"elementor_header_footer","meta":{"om_disable_all_campaigns":false,"_monsterinsights_skip_tracking":false,"_monsterinsights_sitenote_active":false,"_monsterinsights_sitenote_note":"","_monsterinsights_sitenote_category":0,"footnotes":""},"class_list":["post-704","page","type-page","status-publish","hentry"],"aioseo_notices":[],"_links":{"self":[{"href":"https:\/\/lacumbreglobaldeliderazgo.org\/index.php?rest_route=\/wp\/v2\/pages\/704","targetHints":{"allow":["GET"]}}],"collection":[{"href":"https:\/\/lacumbreglobaldeliderazgo.org\/index.php?rest_route=\/wp\/v2\/pages"}],"about":[{"href":"https:\/\/lacumbreglobaldeliderazgo.org\/index.php?rest_route=\/wp\/v2\/types\/page"}],"author":[{"embeddable":true,"href":"https:\/\/lacumbreglobaldeliderazgo.org\/index.php?rest_route=\/wp\/v2\/users\/2"}],"replies":[{"embeddable":true,"href":"https:\/\/lacumbreglobaldeliderazgo.org\/index.php?rest_route=%2Fwp%2Fv2%2Fcomments&post=704"}],"version-history":[{"count":22,"href":"https:\/\/lacumbreglobaldeliderazgo.org\/index.php?rest_route=\/wp\/v2\/pages\/704\/revisions"}],"predecessor-version":[{"id":1695,"href":"https:\/\/lacumbreglobaldeliderazgo.org\/index.php?rest_route=\/wp\/v2\/pages\/704\/revisions\/1695"}],"wp:attachment":[{"href":"https:\/\/lacumbreglobaldeliderazgo.org\/index.php?rest_route=%2Fwp%2Fv2%2Fmedia&parent=704"}],"curies":[{"name":"wp","href":"https:\/\/api.w.org\/{rel}","templated":true}]}}