{"id":965,"date":"2024-10-29T14:55:17","date_gmt":"2024-10-29T14:55:17","guid":{"rendered":"https:\/\/lacumbreglobaldeliderazgo.org\/?page_id=965"},"modified":"2025-08-21T18:39:10","modified_gmt":"2025-08-21T18:39:10","slug":"arthur-c-brooks","status":"publish","type":"page","link":"https:\/\/lacumbreglobaldeliderazgo.org\/?page_id=965","title":{"rendered":"TASHA EURICH"},"content":{"rendered":"\t\t<div data-elementor-type=\"wp-page\" data-elementor-id=\"965\" class=\"elementor elementor-965\">\n\t\t\t\t<div class=\"elementor-element elementor-element-32445c6 elementor-hidden-tablet elementor-hidden-mobile e-flex e-con-boxed e-con e-parent\" data-id=\"32445c6\" data-element_type=\"container\" data-e-type=\"container\">\n\t\t\t\t\t<div class=\"e-con-inner\">\n\t\t<div class=\"elementor-element elementor-element-0f78f5b e-con-full e-flex e-con e-child\" data-id=\"0f78f5b\" data-element_type=\"container\" data-e-type=\"container\">\n\t\t\t\t<div class=\"elementor-element elementor-element-0fb14e6 elementor-widget elementor-widget-heading\" data-id=\"0fb14e6\" data-element_type=\"widget\" data-e-type=\"widget\" data-widget_type=\"heading.default\">\n\t\t\t\t<div class=\"elementor-widget-container\">\n\t\t\t\t\t<h2 class=\"elementor-heading-title elementor-size-default\">TASHA EURICH, PH.D\n<\/h2>\t\t\t\t<\/div>\n\t\t\t\t<\/div>\n\t\t\t\t<div class=\"elementor-element elementor-element-54fae2a elementor-widget elementor-widget-heading\" data-id=\"54fae2a\" data-element_type=\"widget\" data-e-type=\"widget\" data-widget_type=\"heading.default\">\n\t\t\t\t<div class=\"elementor-widget-container\">\n\t\t\t\t\t<h2 class=\"elementor-heading-title elementor-size-default\">Psic\u00f3loga organizacional; investigadora; AUTORA DE BESTSELLERS\n<\/h2>\t\t\t\t<\/div>\n\t\t\t\t<\/div>\n\t\t\t\t<div class=\"elementor-element elementor-element-678da27 elementor-widget elementor-widget-heading\" data-id=\"678da27\" data-element_type=\"widget\" data-e-type=\"widget\" data-widget_type=\"heading.default\">\n\t\t\t\t<div class=\"elementor-widget-container\">\n\t\t\t\t\t<h2 class=\"elementor-heading-title elementor-size-default\">Tasha Eurich es psic\u00f3loga organizacional, investigadora y autora de bestsellers del New York Times, cuya\nmisi\u00f3n es ayudar a las personas a prosperar en un mundo en constante cambio. Con un doctorado en\nPsicolog\u00eda Industrial-Organizacional, Tasha ha sido reconocida como una de las principales expertas en\ncomunicaci\u00f3n y coach de autoconciencia, y ha trabajado con clientes como Google, Salesforce, la NBA,\nNestl\u00e9 y el Programa de Desarrollo de Liderazgo de la Casa Blanca. Es directora de The Eurich Group,\nuna firma boutique que ayuda a los ejecutivos a transformarse cuando todo est\u00e1 en juego, y es una voz\nque dice verdades inc\u00f3modas para algunas de las personas m\u00e1s influyentes del mundo. Ha escrito tres libros: \u201cBankable Leadership\u201d,\n\u201cInsight\u201d (que el reconocido Adam Grant considera uno de los tres libros que m\u00e1s recomienda) , Y su m\u00e1s reciente: \u201cShatterproof: How\nto Thrive in a World of Constant Chaos (And Why Resilience Alone Isn\u2019t Enough)\u201d <\/h2>\t\t\t\t<\/div>\n\t\t\t\t<\/div>\n\t\t\t\t<\/div>\n\t\t<div class=\"elementor-element elementor-element-d2e0cbc e-con-full e-flex e-con e-child\" data-id=\"d2e0cbc\" data-element_type=\"container\" data-e-type=\"container\">\n\t\t\t\t<div class=\"elementor-element elementor-element-5f0595d elementor-widget elementor-widget-image\" data-id=\"5f0595d\" data-element_type=\"widget\" data-e-type=\"widget\" data-widget_type=\"image.default\">\n\t\t\t\t<div class=\"elementor-widget-container\">\n\t\t\t\t\t\t\t\t\t\t\t\t\t\t\t<img fetchpriority=\"high\" decoding=\"async\" width=\"768\" height=\"768\" src=\"https:\/\/lacumbreglobaldeliderazgo.org\/wp-content\/uploads\/2025\/08\/medium-GLS25_Headshot_Tasha_Eurich_Black.jpg\" class=\"attachment-large size-large wp-image-1466\" alt=\"\" srcset=\"https:\/\/lacumbreglobaldeliderazgo.org\/wp-content\/uploads\/2025\/08\/medium-GLS25_Headshot_Tasha_Eurich_Black.jpg 768w, https:\/\/lacumbreglobaldeliderazgo.org\/wp-content\/uploads\/2025\/08\/medium-GLS25_Headshot_Tasha_Eurich_Black-300x300.jpg 300w, https:\/\/lacumbreglobaldeliderazgo.org\/wp-content\/uploads\/2025\/08\/medium-GLS25_Headshot_Tasha_Eurich_Black-150x150.jpg 150w\" sizes=\"(max-width: 768px) 100vw, 768px\" \/>\t\t\t\t\t\t\t\t\t\t\t\t\t\t\t<\/div>\n\t\t\t\t<\/div>\n\t\t\t\t<\/div>\n\t\t\t\t\t<\/div>\n\t\t\t\t<\/div>\n\t\t<div class=\"elementor-element elementor-element-d59db81 elementor-hidden-desktop elementor-hidden-tablet e-flex e-con-boxed e-con e-parent\" data-id=\"d59db81\" data-element_type=\"container\" data-e-type=\"container\">\n\t\t\t\t\t<div class=\"e-con-inner\">\n\t\t<div class=\"elementor-element elementor-element-d3f33fc e-con-full e-flex e-con e-child\" data-id=\"d3f33fc\" data-element_type=\"container\" data-e-type=\"container\">\n\t\t\t\t<div class=\"elementor-element elementor-element-6bb3ced elementor-widget elementor-widget-heading\" data-id=\"6bb3ced\" data-element_type=\"widget\" data-e-type=\"widget\" data-widget_type=\"heading.default\">\n\t\t\t\t<div class=\"elementor-widget-container\">\n\t\t\t\t\t<h2 class=\"elementor-heading-title elementor-size-default\">TASHA EURICH, PH.D\n<\/h2>\t\t\t\t<\/div>\n\t\t\t\t<\/div>\n\t\t\t\t<div class=\"elementor-element elementor-element-1206f35 elementor-widget elementor-widget-heading\" data-id=\"1206f35\" data-element_type=\"widget\" data-e-type=\"widget\" data-widget_type=\"heading.default\">\n\t\t\t\t<div class=\"elementor-widget-container\">\n\t\t\t\t\t<h2 class=\"elementor-heading-title elementor-size-default\">Psic\u00f3loga organizacional; investigadora; AUTORA DE BESTSELLERS\n<\/h2>\t\t\t\t<\/div>\n\t\t\t\t<\/div>\n\t\t\t\t<div class=\"elementor-element elementor-element-f98b5f0 elementor-widget elementor-widget-heading\" data-id=\"f98b5f0\" data-element_type=\"widget\" data-e-type=\"widget\" data-widget_type=\"heading.default\">\n\t\t\t\t<div class=\"elementor-widget-container\">\n\t\t\t\t\t<h2 class=\"elementor-heading-title elementor-size-default\">Tasha Eurich es psic\u00f3loga organizacional, investigadora y autora de bestsellers del New York Times, cuya\nmisi\u00f3n es ayudar a las personas a prosperar en un mundo en constante cambio. Con un doctorado en\nPsicolog\u00eda Industrial-Organizacional, Tasha ha sido reconocida como una de las principales expertas en\ncomunicaci\u00f3n y coach de autoconciencia, y ha trabajado con clientes como Google, Salesforce, la NBA,\nNestl\u00e9 y el Programa de Desarrollo de Liderazgo de la Casa Blanca. Es directora de The Eurich Group,\nuna firma boutique que ayuda a los ejecutivos a transformarse cuando todo est\u00e1 en juego, y es una voz\nque dice verdades inc\u00f3modas para algunas de las personas m\u00e1s influyentes del mundo. Ha escrito tres libros: \u201cBankable Leadership\u201d,\n\u201cInsight\u201d (que el reconocido Adam Grant considera uno de los tres libros que m\u00e1s recomienda) , Y su m\u00e1s reciente: \u201cShatterproof: How\nto Thrive in a World of Constant Chaos (And Why Resilience Alone Isn\u2019t Enough)\u201d <\/h2>\t\t\t\t<\/div>\n\t\t\t\t<\/div>\n\t\t\t\t<\/div>\n\t\t<div class=\"elementor-element elementor-element-554b597 e-con-full e-flex e-con e-child\" data-id=\"554b597\" data-element_type=\"container\" data-e-type=\"container\">\n\t\t\t\t<div class=\"elementor-element elementor-element-6e6ca78 elementor-widget elementor-widget-image\" data-id=\"6e6ca78\" data-element_type=\"widget\" data-e-type=\"widget\" data-widget_type=\"image.default\">\n\t\t\t\t<div class=\"elementor-widget-container\">\n\t\t\t\t\t\t\t\t\t\t\t\t\t\t\t<img fetchpriority=\"high\" decoding=\"async\" width=\"768\" height=\"768\" src=\"https:\/\/lacumbreglobaldeliderazgo.org\/wp-content\/uploads\/2025\/08\/medium-GLS25_Headshot_Tasha_Eurich_Black.jpg\" class=\"attachment-large size-large wp-image-1466\" alt=\"\" srcset=\"https:\/\/lacumbreglobaldeliderazgo.org\/wp-content\/uploads\/2025\/08\/medium-GLS25_Headshot_Tasha_Eurich_Black.jpg 768w, https:\/\/lacumbreglobaldeliderazgo.org\/wp-content\/uploads\/2025\/08\/medium-GLS25_Headshot_Tasha_Eurich_Black-300x300.jpg 300w, https:\/\/lacumbreglobaldeliderazgo.org\/wp-content\/uploads\/2025\/08\/medium-GLS25_Headshot_Tasha_Eurich_Black-150x150.jpg 150w\" sizes=\"(max-width: 768px) 100vw, 768px\" \/>\t\t\t\t\t\t\t\t\t\t\t\t\t\t\t<\/div>\n\t\t\t\t<\/div>\n\t\t\t\t<\/div>\n\t\t\t\t\t<\/div>\n\t\t\t\t<\/div>\n\t\t<div class=\"elementor-element elementor-element-d6ee0a8 elementor-hidden-tablet elementor-hidden-mobile e-flex e-con-boxed e-con e-parent\" data-id=\"d6ee0a8\" data-element_type=\"container\" data-e-type=\"container\" data-settings=\"{&quot;background_background&quot;:&quot;classic&quot;}\">\n\t\t\t\t\t<div class=\"e-con-inner\">\n\t\t\t\t<div class=\"elementor-element elementor-element-24dcea8 elementor-widget elementor-widget-heading\" data-id=\"24dcea8\" data-element_type=\"widget\" data-e-type=\"widget\" data-widget_type=\"heading.default\">\n\t\t\t\t<div class=\"elementor-widget-container\">\n\t\t\t\t\t<h2 class=\"elementor-heading-title elementor-size-default\">CHARLA DE TASHA: <br>INQUEBRANTABLE: C\u00d3MO PROSPERAR CUANDO LA RESILIENCIA\nNO ES SUFICIENTE<\/h2>\t\t\t\t<\/div>\n\t\t\t\t<\/div>\n\t\t\t\t<div class=\"elementor-element elementor-element-3ab6ef9 elementor-widget elementor-widget-heading\" data-id=\"3ab6ef9\" data-element_type=\"widget\" data-e-type=\"widget\" data-widget_type=\"heading.default\">\n\t\t\t\t<div class=\"elementor-widget-container\">\n\t\t\t\t\t<h2 class=\"elementor-heading-title elementor-size-default\">En el mundo impredecible en el que vivimos, el estr\u00e9s ya no es algo ocasional, es constante. Y la mayor\u00eda de nosotros,\ncomo l\u00edderes, apenas logramos mantenernos a flote. Decimos que estamos \u201cbien\u201d mientras por dentro nos ahogamos\nentre mil exigencias. Nos dicen que simplemente \u201cnos recuperemos\u201d o que \u201cseamos resilientes\u201d, aunque estemos\nagotados. Pero esta es la verdad: la resiliencia te ayuda a sobrevivir, pero no te ayudar\u00e1 a prosperar. Acompa\u00f1a a\nTasha Eurich mientras comparte los hallazgos de su investigaci\u00f3n de cinco a\u00f1os y desmonta el mito de que solo la\nresiliencia basta. Te mostrar\u00e1 un segundo conjunto de habilidades, mucho m\u00e1s sostenibles, que pueden convertir\ncontratiempos en fortalezas. Saldr\u00e1s con herramientas pr\u00e1cticas para convertir: El estr\u00e9s en crecimiento, Los desaf\u00edos\nen oportunidades, y la incertidumbre en una confianza inquebrantable, tanto para ti como para tu equipo.\n<\/h2>\t\t\t\t<\/div>\n\t\t\t\t<\/div>\n\t\t\t\t\t<\/div>\n\t\t\t\t<\/div>\n\t\t<div class=\"elementor-element elementor-element-7aebc3e elementor-hidden-desktop elementor-hidden-tablet e-flex e-con-boxed e-con e-parent\" data-id=\"7aebc3e\" data-element_type=\"container\" data-e-type=\"container\" data-settings=\"{&quot;background_background&quot;:&quot;classic&quot;}\">\n\t\t\t\t\t<div class=\"e-con-inner\">\n\t\t\t\t<div class=\"elementor-element elementor-element-e9a9c63 elementor-widget elementor-widget-heading\" data-id=\"e9a9c63\" data-element_type=\"widget\" data-e-type=\"widget\" data-widget_type=\"heading.default\">\n\t\t\t\t<div class=\"elementor-widget-container\">\n\t\t\t\t\t<h2 class=\"elementor-heading-title elementor-size-default\">CHARLA DE TASHA: <br>INQUEBRANTABLE: C\u00d3MO PROSPERAR CUANDO LA RESILIENCIA\nNO ES SUFICIENTE<\/h2>\t\t\t\t<\/div>\n\t\t\t\t<\/div>\n\t\t\t\t<div class=\"elementor-element elementor-element-bcf6285 elementor-widget elementor-widget-heading\" data-id=\"bcf6285\" data-element_type=\"widget\" data-e-type=\"widget\" data-widget_type=\"heading.default\">\n\t\t\t\t<div class=\"elementor-widget-container\">\n\t\t\t\t\t<h2 class=\"elementor-heading-title elementor-size-default\">En el mundo impredecible en el que vivimos, el estr\u00e9s ya no es algo ocasional, es constante. Y la mayor\u00eda de nosotros,\ncomo l\u00edderes, apenas logramos mantenernos a flote. Decimos que estamos \u201cbien\u201d mientras por dentro nos ahogamos\nentre mil exigencias. Nos dicen que simplemente \u201cnos recuperemos\u201d o que \u201cseamos resilientes\u201d, aunque estemos\nagotados. Pero esta es la verdad: la resiliencia te ayuda a sobrevivir, pero no te ayudar\u00e1 a prosperar. Acompa\u00f1a a\nTasha Eurich mientras comparte los hallazgos de su investigaci\u00f3n de cinco a\u00f1os y desmonta el mito de que solo la\nresiliencia basta. Te mostrar\u00e1 un segundo conjunto de habilidades, mucho m\u00e1s sostenibles, que pueden convertir\ncontratiempos en fortalezas. Saldr\u00e1s con herramientas pr\u00e1cticas para convertir: El estr\u00e9s en crecimiento, Los desaf\u00edos\nen oportunidades, y la incertidumbre en una confianza inquebrantable, tanto para ti como para tu equipo.\n<\/h2>\t\t\t\t<\/div>\n\t\t\t\t<\/div>\n\t\t\t\t\t<\/div>\n\t\t\t\t<\/div>\n\t\t<div class=\"elementor-element elementor-element-d0a0bc8 e-flex e-con-boxed e-con e-parent\" data-id=\"d0a0bc8\" data-element_type=\"container\" data-e-type=\"container\">\n\t\t\t\t\t<div class=\"e-con-inner\">\n\t\t\t\t<div class=\"elementor-element elementor-element-0f1d3fa elementor-align-center elementor-invisible elementor-widget elementor-widget-button\" data-id=\"0f1d3fa\" data-element_type=\"widget\" data-e-type=\"widget\" data-settings=\"{&quot;_animation&quot;:&quot;slideInUp&quot;}\" data-widget_type=\"button.default\">\n\t\t\t\t<div class=\"elementor-widget-container\">\n\t\t\t\t\t\t\t\t\t<div class=\"elementor-button-wrapper\">\n\t\t\t\t\t<a class=\"elementor-button elementor-button-link elementor-size-sm\" href=\"https:\/\/lacumbreglobaldeliderazgo.org\/?page_id=616\">\n\t\t\t\t\t\t<span class=\"elementor-button-content-wrapper\">\n\t\t\t\t\t\t\t\t\t<span class=\"elementor-button-text\">Volver oradores<\/span>\n\t\t\t\t\t<\/span>\n\t\t\t\t\t<\/a>\n\t\t\t\t<\/div>\n\t\t\t\t\t\t\t\t<\/div>\n\t\t\t\t<\/div>\n\t\t\t\t\t<\/div>\n\t\t\t\t<\/div>\n\t\t\t\t<\/div>\n\t\t","protected":false},"excerpt":{"rendered":"<p>TASHA EURICH, PH.D Psic\u00f3loga organizacional; investigadora; AUTORA DE BESTSELLERS Tasha Eurich es psic\u00f3loga organizacional, investigadora y autora de bestsellers del New York Times, cuya misi\u00f3n es ayudar a las personas a prosperar en un mundo en constante cambio. Con un doctorado en Psicolog\u00eda Industrial-Organizacional, Tasha ha sido reconocida como una de las principales expertas en [&hellip;]<\/p>\n","protected":false},"author":2,"featured_media":0,"parent":0,"menu_order":0,"comment_status":"closed","ping_status":"closed","template":"elementor_header_footer","meta":{"om_disable_all_campaigns":false,"_monsterinsights_skip_tracking":false,"_monsterinsights_sitenote_active":false,"_monsterinsights_sitenote_note":"","_monsterinsights_sitenote_category":0,"footnotes":""},"class_list":["post-965","page","type-page","status-publish","hentry"],"aioseo_notices":[],"_links":{"self":[{"href":"https:\/\/lacumbreglobaldeliderazgo.org\/index.php?rest_route=\/wp\/v2\/pages\/965","targetHints":{"allow":["GET"]}}],"collection":[{"href":"https:\/\/lacumbreglobaldeliderazgo.org\/index.php?rest_route=\/wp\/v2\/pages"}],"about":[{"href":"https:\/\/lacumbreglobaldeliderazgo.org\/index.php?rest_route=\/wp\/v2\/types\/page"}],"author":[{"embeddable":true,"href":"https:\/\/lacumbreglobaldeliderazgo.org\/index.php?rest_route=\/wp\/v2\/users\/2"}],"replies":[{"embeddable":true,"href":"https:\/\/lacumbreglobaldeliderazgo.org\/index.php?rest_route=%2Fwp%2Fv2%2Fcomments&post=965"}],"version-history":[{"count":18,"href":"https:\/\/lacumbreglobaldeliderazgo.org\/index.php?rest_route=\/wp\/v2\/pages\/965\/revisions"}],"predecessor-version":[{"id":1692,"href":"https:\/\/lacumbreglobaldeliderazgo.org\/index.php?rest_route=\/wp\/v2\/pages\/965\/revisions\/1692"}],"wp:attachment":[{"href":"https:\/\/lacumbreglobaldeliderazgo.org\/index.php?rest_route=%2Fwp%2Fv2%2Fmedia&parent=965"}],"curies":[{"name":"wp","href":"https:\/\/api.w.org\/{rel}","templated":true}]}}