{"id":990,"date":"2024-10-29T15:01:29","date_gmt":"2024-10-29T15:01:29","guid":{"rendered":"https:\/\/lacumbreglobaldeliderazgo.org\/?page_id=990"},"modified":"2025-08-21T18:44:23","modified_gmt":"2025-08-21T18:44:23","slug":"mike-krzyzewski","status":"publish","type":"page","link":"https:\/\/lacumbreglobaldeliderazgo.org\/?page_id=990","title":{"rendered":"JOHN C. MAXWELL"},"content":{"rendered":"\t\t<div data-elementor-type=\"wp-page\" data-elementor-id=\"990\" class=\"elementor elementor-990\">\n\t\t\t\t<div class=\"elementor-element elementor-element-4ac7f56 elementor-hidden-tablet elementor-hidden-mobile e-flex e-con-boxed e-con e-parent\" data-id=\"4ac7f56\" data-element_type=\"container\" data-e-type=\"container\">\n\t\t\t\t\t<div class=\"e-con-inner\">\n\t\t<div class=\"elementor-element elementor-element-9dd88cc e-con-full e-flex e-con e-child\" data-id=\"9dd88cc\" data-element_type=\"container\" data-e-type=\"container\">\n\t\t\t\t<div class=\"elementor-element elementor-element-0e66e5b elementor-widget elementor-widget-heading\" data-id=\"0e66e5b\" data-element_type=\"widget\" data-e-type=\"widget\" data-widget_type=\"heading.default\">\n\t\t\t\t<div class=\"elementor-widget-container\">\n\t\t\t\t\t<h2 class=\"elementor-heading-title elementor-size-default\">JOHN C. MAXWELL\n<\/h2>\t\t\t\t<\/div>\n\t\t\t\t<\/div>\n\t\t\t\t<div class=\"elementor-element elementor-element-30577b4 elementor-widget elementor-widget-heading\" data-id=\"30577b4\" data-element_type=\"widget\" data-e-type=\"widget\" data-widget_type=\"heading.default\">\n\t\t\t\t<div class=\"elementor-widget-container\">\n\t\t\t\t\t<h2 class=\"elementor-heading-title elementor-size-default\">Fundador, Maxwell Leadership\u00ae; AUTOR DE BESTSELLERS\n\n<\/h2>\t\t\t\t<\/div>\n\t\t\t\t<\/div>\n\t\t\t\t<div class=\"elementor-element elementor-element-6a25baa elementor-widget elementor-widget-heading\" data-id=\"6a25baa\" data-element_type=\"widget\" data-e-type=\"widget\" data-widget_type=\"heading.default\">\n\t\t\t\t<div class=\"elementor-widget-container\">\n\t\t\t\t\t<h2 class=\"elementor-heading-title elementor-size-default\">John C. Maxwell ha dedicado su vida a ayudar a las personas. Su misi\u00f3n es aportar valor a\nlos l\u00edderes que multiplican el valor para los dem\u00e1s. Siguiendo ese prop\u00f3sito, ha fundado\nm\u00faltiples organizaciones, escrito m\u00e1s de 90 libros (que han vendido 38 millones de\ncopias), incluyendo uno que alcanz\u00f3 el puesto n\u00famero uno, formado a m\u00e1s de 5 millones\nde l\u00edderes en 180 pa\u00edses y creado la mayor empresa de coaching del mundo. Business\nInsider lo nombr\u00f3 la autoridad #1 en liderazgo en EE. UU. y la revista Inc. lo reconoci\u00f3 como el experto en liderazgo\nm\u00e1s popular del mundo. Ha recibido premios como el Premio Horatio Alger y el Premio Madre Teresa por la Paz\ny el Liderazgo Global, otorgado por Luminary Leadership Network. John continua creciendo, escribiendo, dando\nconferencias y creando programas transformadores tanto en EE. UU. como en todo el mundo. \u00a1Esta ser\u00e1 la sexta\nocasi\u00f3n en que John participa como orador en la Cumbre Global de Liderazgo!<\/h2>\t\t\t\t<\/div>\n\t\t\t\t<\/div>\n\t\t\t\t<\/div>\n\t\t<div class=\"elementor-element elementor-element-4151483 e-con-full e-flex e-con e-child\" data-id=\"4151483\" data-element_type=\"container\" data-e-type=\"container\">\n\t\t\t\t<div class=\"elementor-element elementor-element-62e55c9 elementor-widget elementor-widget-image\" data-id=\"62e55c9\" data-element_type=\"widget\" data-e-type=\"widget\" data-widget_type=\"image.default\">\n\t\t\t\t<div class=\"elementor-widget-container\">\n\t\t\t\t\t\t\t\t\t\t\t\t\t\t\t<img fetchpriority=\"high\" decoding=\"async\" width=\"768\" height=\"768\" src=\"https:\/\/lacumbreglobaldeliderazgo.org\/wp-content\/uploads\/2025\/08\/medium-GLS25_Headshot_John_Maxwell_Black.jpg\" class=\"attachment-large size-large wp-image-1473\" alt=\"\" srcset=\"https:\/\/lacumbreglobaldeliderazgo.org\/wp-content\/uploads\/2025\/08\/medium-GLS25_Headshot_John_Maxwell_Black.jpg 768w, https:\/\/lacumbreglobaldeliderazgo.org\/wp-content\/uploads\/2025\/08\/medium-GLS25_Headshot_John_Maxwell_Black-300x300.jpg 300w, https:\/\/lacumbreglobaldeliderazgo.org\/wp-content\/uploads\/2025\/08\/medium-GLS25_Headshot_John_Maxwell_Black-150x150.jpg 150w\" sizes=\"(max-width: 768px) 100vw, 768px\" \/>\t\t\t\t\t\t\t\t\t\t\t\t\t\t\t<\/div>\n\t\t\t\t<\/div>\n\t\t\t\t<\/div>\n\t\t\t\t\t<\/div>\n\t\t\t\t<\/div>\n\t\t<div class=\"elementor-element elementor-element-a9bb3ce elementor-hidden-desktop elementor-hidden-tablet e-flex e-con-boxed e-con e-parent\" data-id=\"a9bb3ce\" data-element_type=\"container\" data-e-type=\"container\">\n\t\t\t\t\t<div class=\"e-con-inner\">\n\t\t<div class=\"elementor-element elementor-element-2f69a94 e-con-full e-flex e-con e-child\" data-id=\"2f69a94\" data-element_type=\"container\" data-e-type=\"container\">\n\t\t\t\t<div class=\"elementor-element elementor-element-71733be elementor-widget elementor-widget-heading\" data-id=\"71733be\" data-element_type=\"widget\" data-e-type=\"widget\" data-widget_type=\"heading.default\">\n\t\t\t\t<div class=\"elementor-widget-container\">\n\t\t\t\t\t<h2 class=\"elementor-heading-title elementor-size-default\">JOHN C. MAXWELL\n<\/h2>\t\t\t\t<\/div>\n\t\t\t\t<\/div>\n\t\t\t\t<div class=\"elementor-element elementor-element-1c6ab48 elementor-widget elementor-widget-heading\" data-id=\"1c6ab48\" data-element_type=\"widget\" data-e-type=\"widget\" data-widget_type=\"heading.default\">\n\t\t\t\t<div class=\"elementor-widget-container\">\n\t\t\t\t\t<h2 class=\"elementor-heading-title elementor-size-default\">Fundador, Maxwell Leadership\u00ae; AUTOR DE BESTSELLERS\n\n<\/h2>\t\t\t\t<\/div>\n\t\t\t\t<\/div>\n\t\t\t\t<div class=\"elementor-element elementor-element-d16bb37 elementor-widget elementor-widget-heading\" data-id=\"d16bb37\" data-element_type=\"widget\" data-e-type=\"widget\" data-widget_type=\"heading.default\">\n\t\t\t\t<div class=\"elementor-widget-container\">\n\t\t\t\t\t<h2 class=\"elementor-heading-title elementor-size-default\">John C. Maxwell ha dedicado su vida a ayudar a las personas. Su misi\u00f3n es aportar valor a\nlos l\u00edderes que multiplican el valor para los dem\u00e1s. Siguiendo ese prop\u00f3sito, ha fundado\nm\u00faltiples organizaciones, escrito m\u00e1s de 90 libros (que han vendido 38 millones de\ncopias), incluyendo uno que alcanz\u00f3 el puesto n\u00famero uno, formado a m\u00e1s de 5 millones\nde l\u00edderes en 180 pa\u00edses y creado la mayor empresa de coaching del mundo. Business\nInsider lo nombr\u00f3 la autoridad #1 en liderazgo en EE. UU. y la revista Inc. lo reconoci\u00f3 como el experto en liderazgo\nm\u00e1s popular del mundo. Ha recibido premios como el Premio Horatio Alger y el Premio Madre Teresa por la Paz\ny el Liderazgo Global, otorgado por Luminary Leadership Network. John continua creciendo, escribiendo, dando\nconferencias y creando programas transformadores tanto en EE. UU. como en todo el mundo. \u00a1Esta ser\u00e1 la sexta\nocasi\u00f3n en que John participa como orador en la Cumbre Global de Liderazgo!<\/h2>\t\t\t\t<\/div>\n\t\t\t\t<\/div>\n\t\t\t\t<\/div>\n\t\t<div class=\"elementor-element elementor-element-907886b e-con-full e-flex e-con e-child\" data-id=\"907886b\" data-element_type=\"container\" data-e-type=\"container\">\n\t\t\t\t<div class=\"elementor-element elementor-element-d85a333 elementor-widget elementor-widget-image\" data-id=\"d85a333\" data-element_type=\"widget\" data-e-type=\"widget\" data-widget_type=\"image.default\">\n\t\t\t\t<div class=\"elementor-widget-container\">\n\t\t\t\t\t\t\t\t\t\t\t\t\t\t\t<img fetchpriority=\"high\" decoding=\"async\" width=\"768\" height=\"768\" src=\"https:\/\/lacumbreglobaldeliderazgo.org\/wp-content\/uploads\/2025\/08\/medium-GLS25_Headshot_John_Maxwell_Black.jpg\" class=\"attachment-large size-large wp-image-1473\" alt=\"\" srcset=\"https:\/\/lacumbreglobaldeliderazgo.org\/wp-content\/uploads\/2025\/08\/medium-GLS25_Headshot_John_Maxwell_Black.jpg 768w, https:\/\/lacumbreglobaldeliderazgo.org\/wp-content\/uploads\/2025\/08\/medium-GLS25_Headshot_John_Maxwell_Black-300x300.jpg 300w, https:\/\/lacumbreglobaldeliderazgo.org\/wp-content\/uploads\/2025\/08\/medium-GLS25_Headshot_John_Maxwell_Black-150x150.jpg 150w\" sizes=\"(max-width: 768px) 100vw, 768px\" \/>\t\t\t\t\t\t\t\t\t\t\t\t\t\t\t<\/div>\n\t\t\t\t<\/div>\n\t\t\t\t<\/div>\n\t\t\t\t\t<\/div>\n\t\t\t\t<\/div>\n\t\t<div class=\"elementor-element elementor-element-fee7386 elementor-hidden-tablet elementor-hidden-mobile e-flex e-con-boxed e-con e-parent\" data-id=\"fee7386\" data-element_type=\"container\" data-e-type=\"container\" data-settings=\"{&quot;background_background&quot;:&quot;classic&quot;}\">\n\t\t\t\t\t<div class=\"e-con-inner\">\n\t\t\t\t<div class=\"elementor-element elementor-element-4d5f8de elementor-widget elementor-widget-heading\" data-id=\"4d5f8de\" data-element_type=\"widget\" data-e-type=\"widget\" data-widget_type=\"heading.default\">\n\t\t\t\t<div class=\"elementor-widget-container\">\n\t\t\t\t\t<h2 class=\"elementor-heading-title elementor-size-default\">LA CHARLA DE JOHN:<br> UNIDAD EN UN MUNDO QUE DIVIDE\n<\/h2>\t\t\t\t<\/div>\n\t\t\t\t<\/div>\n\t\t\t\t<div class=\"elementor-element elementor-element-8e0fa47 elementor-widget elementor-widget-heading\" data-id=\"8e0fa47\" data-element_type=\"widget\" data-e-type=\"widget\" data-widget_type=\"heading.default\">\n\t\t\t\t<div class=\"elementor-widget-container\">\n\t\t\t\t\t<h2 class=\"elementor-heading-title elementor-size-default\">El liderazgo puede elevar a las personas o derribarlas \u2014 y actualmente, demasiados l\u00edderes est\u00e1n haciendo\nlo segundo. En un mundo lleno de conflicto y divisi\u00f3n, no es suficiente liderar con talento. Debemos liderar\ncon car\u00e1cter. Acompa\u00f1a a John C. Maxwell mientras explora las tres rutas que todo l\u00edder puede tomar \u2014 y\npor qu\u00e9 solo una conduce a una influencia duradera. Descubre c\u00f3mo la resiliencia emocional, la autenticidad\ny la capacidad de liderar sin llevar cuentas pueden ayudar a los l\u00edderes a elevarse por encima del caos y\ngenerar unidad en tiempos divididos. Saldr\u00e1s con herramientas pr\u00e1cticas para liderar bien, vivir con prop\u00f3sito\ny convertirte en el tipo de l\u00edder que el mundo necesita desesperadamente.<\/h2>\t\t\t\t<\/div>\n\t\t\t\t<\/div>\n\t\t\t\t\t<\/div>\n\t\t\t\t<\/div>\n\t\t<div class=\"elementor-element elementor-element-8cd2573 elementor-hidden-desktop elementor-hidden-tablet e-flex e-con-boxed e-con e-parent\" data-id=\"8cd2573\" data-element_type=\"container\" data-e-type=\"container\" data-settings=\"{&quot;background_background&quot;:&quot;classic&quot;}\">\n\t\t\t\t\t<div class=\"e-con-inner\">\n\t\t\t\t<div class=\"elementor-element elementor-element-7704f24 elementor-widget elementor-widget-heading\" data-id=\"7704f24\" data-element_type=\"widget\" data-e-type=\"widget\" data-widget_type=\"heading.default\">\n\t\t\t\t<div class=\"elementor-widget-container\">\n\t\t\t\t\t<h2 class=\"elementor-heading-title elementor-size-default\">LA CHARLA DE JOHN:<br> UNIDAD EN UN MUNDO QUE DIVIDE\n<\/h2>\t\t\t\t<\/div>\n\t\t\t\t<\/div>\n\t\t\t\t<div class=\"elementor-element elementor-element-8293ecf elementor-widget elementor-widget-heading\" data-id=\"8293ecf\" data-element_type=\"widget\" data-e-type=\"widget\" data-widget_type=\"heading.default\">\n\t\t\t\t<div class=\"elementor-widget-container\">\n\t\t\t\t\t<h2 class=\"elementor-heading-title elementor-size-default\">El liderazgo puede elevar a las personas o derribarlas \u2014 y actualmente, demasiados l\u00edderes est\u00e1n haciendo\nlo segundo. En un mundo lleno de conflicto y divisi\u00f3n, no es suficiente liderar con talento. Debemos liderar\ncon car\u00e1cter. Acompa\u00f1a a John C. Maxwell mientras explora las tres rutas que todo l\u00edder puede tomar \u2014 y\npor qu\u00e9 solo una conduce a una influencia duradera. Descubre c\u00f3mo la resiliencia emocional, la autenticidad\ny la capacidad de liderar sin llevar cuentas pueden ayudar a los l\u00edderes a elevarse por encima del caos y\ngenerar unidad en tiempos divididos. Saldr\u00e1s con herramientas pr\u00e1cticas para liderar bien, vivir con prop\u00f3sito\ny convertirte en el tipo de l\u00edder que el mundo necesita desesperadamente.<\/h2>\t\t\t\t<\/div>\n\t\t\t\t<\/div>\n\t\t\t\t\t<\/div>\n\t\t\t\t<\/div>\n\t\t<div class=\"elementor-element elementor-element-cad27e2 e-flex e-con-boxed e-con e-parent\" data-id=\"cad27e2\" data-element_type=\"container\" data-e-type=\"container\">\n\t\t\t\t\t<div class=\"e-con-inner\">\n\t\t\t\t<div class=\"elementor-element elementor-element-d807b52 elementor-align-center elementor-invisible elementor-widget elementor-widget-button\" data-id=\"d807b52\" data-element_type=\"widget\" data-e-type=\"widget\" data-settings=\"{&quot;_animation&quot;:&quot;slideInUp&quot;}\" data-widget_type=\"button.default\">\n\t\t\t\t<div class=\"elementor-widget-container\">\n\t\t\t\t\t\t\t\t\t<div class=\"elementor-button-wrapper\">\n\t\t\t\t\t<a class=\"elementor-button elementor-button-link elementor-size-sm\" href=\"https:\/\/lacumbreglobaldeliderazgo.org\/?page_id=616\">\n\t\t\t\t\t\t<span class=\"elementor-button-content-wrapper\">\n\t\t\t\t\t\t\t\t\t<span class=\"elementor-button-text\">Volver oradores<\/span>\n\t\t\t\t\t<\/span>\n\t\t\t\t\t<\/a>\n\t\t\t\t<\/div>\n\t\t\t\t\t\t\t\t<\/div>\n\t\t\t\t<\/div>\n\t\t\t\t\t<\/div>\n\t\t\t\t<\/div>\n\t\t\t\t<\/div>\n\t\t","protected":false},"excerpt":{"rendered":"<p>JOHN C. MAXWELL Fundador, Maxwell Leadership\u00ae; AUTOR DE BESTSELLERS John C. Maxwell ha dedicado su vida a ayudar a las personas. Su misi\u00f3n es aportar valor a los l\u00edderes que multiplican el valor para los dem\u00e1s. Siguiendo ese prop\u00f3sito, ha fundado m\u00faltiples organizaciones, escrito m\u00e1s de 90 libros (que han vendido 38 millones de copias), [&hellip;]<\/p>\n","protected":false},"author":2,"featured_media":0,"parent":0,"menu_order":0,"comment_status":"closed","ping_status":"closed","template":"elementor_header_footer","meta":{"om_disable_all_campaigns":false,"_monsterinsights_skip_tracking":false,"_monsterinsights_sitenote_active":false,"_monsterinsights_sitenote_note":"","_monsterinsights_sitenote_category":0,"footnotes":""},"class_list":["post-990","page","type-page","status-publish","hentry"],"aioseo_notices":[],"_links":{"self":[{"href":"https:\/\/lacumbreglobaldeliderazgo.org\/index.php?rest_route=\/wp\/v2\/pages\/990","targetHints":{"allow":["GET"]}}],"collection":[{"href":"https:\/\/lacumbreglobaldeliderazgo.org\/index.php?rest_route=\/wp\/v2\/pages"}],"about":[{"href":"https:\/\/lacumbreglobaldeliderazgo.org\/index.php?rest_route=\/wp\/v2\/types\/page"}],"author":[{"embeddable":true,"href":"https:\/\/lacumbreglobaldeliderazgo.org\/index.php?rest_route=\/wp\/v2\/users\/2"}],"replies":[{"embeddable":true,"href":"https:\/\/lacumbreglobaldeliderazgo.org\/index.php?rest_route=%2Fwp%2Fv2%2Fcomments&post=990"}],"version-history":[{"count":22,"href":"https:\/\/lacumbreglobaldeliderazgo.org\/index.php?rest_route=\/wp\/v2\/pages\/990\/revisions"}],"predecessor-version":[{"id":1713,"href":"https:\/\/lacumbreglobaldeliderazgo.org\/index.php?rest_route=\/wp\/v2\/pages\/990\/revisions\/1713"}],"wp:attachment":[{"href":"https:\/\/lacumbreglobaldeliderazgo.org\/index.php?rest_route=%2Fwp%2Fv2%2Fmedia&parent=990"}],"curies":[{"name":"wp","href":"https:\/\/api.w.org\/{rel}","templated":true}]}}