{"id":998,"date":"2024-10-29T17:06:07","date_gmt":"2024-10-29T17:06:07","guid":{"rendered":"https:\/\/lacumbreglobaldeliderazgo.org\/?page_id=998"},"modified":"2025-08-21T18:45:52","modified_gmt":"2025-08-21T18:45:52","slug":"erwin-raphael-mcmanus","status":"publish","type":"page","link":"https:\/\/lacumbreglobaldeliderazgo.org\/?page_id=998","title":{"rendered":"BRADLEY RAPIER"},"content":{"rendered":"\t\t<div data-elementor-type=\"wp-page\" data-elementor-id=\"998\" class=\"elementor elementor-998\">\n\t\t\t\t<div class=\"elementor-element elementor-element-65825a3 elementor-hidden-tablet elementor-hidden-mobile e-flex e-con-boxed e-con e-parent\" data-id=\"65825a3\" data-element_type=\"container\" data-e-type=\"container\">\n\t\t\t\t\t<div class=\"e-con-inner\">\n\t\t<div class=\"elementor-element elementor-element-0d06abf e-con-full e-flex e-con e-child\" data-id=\"0d06abf\" data-element_type=\"container\" data-e-type=\"container\">\n\t\t\t\t<div class=\"elementor-element elementor-element-90397ff elementor-widget elementor-widget-heading\" data-id=\"90397ff\" data-element_type=\"widget\" data-e-type=\"widget\" data-widget_type=\"heading.default\">\n\t\t\t\t<div class=\"elementor-widget-container\">\n\t\t\t\t\t<h2 class=\"elementor-heading-title elementor-size-default\">BRADLEY RAPIER<\/h2>\t\t\t\t<\/div>\n\t\t\t\t<\/div>\n\t\t\t\t<div class=\"elementor-element elementor-element-df660e8 elementor-widget elementor-widget-heading\" data-id=\"df660e8\" data-element_type=\"widget\" data-e-type=\"widget\" data-widget_type=\"heading.default\">\n\t\t\t\t<div class=\"elementor-widget-container\">\n\t\t\t\t\t<h2 class=\"elementor-heading-title elementor-size-default\">FUNDADOR, Groove Theory; CORE\u00d3GRAFO GALARDONADO\n\n<\/h2>\t\t\t\t<\/div>\n\t\t\t\t<\/div>\n\t\t\t\t<div class=\"elementor-element elementor-element-415ac21 elementor-widget elementor-widget-heading\" data-id=\"415ac21\" data-element_type=\"widget\" data-e-type=\"widget\" data-widget_type=\"heading.default\">\n\t\t\t\t<div class=\"elementor-widget-container\">\n\t\t\t\t\t<h2 class=\"elementor-heading-title elementor-size-default\">Bradley Rapier es un core\u00f3grafo galardonado y nominado a los Emmy, con m\u00e1s de tres\nd\u00e9cadas de experiencia en danza, producci\u00f3n y direcci\u00f3n de equipos y talentos, desde\nHollywood hasta Broadway. Ha participado como invitado en programas como The Ellen\nShow, So You Think You Can Dance y Dancing with the Stars. Tambi\u00e9n es creador de la\naclamada producci\u00f3n Off-Broadway GROOVALOO, director creativo de la Cantinas Arts\nFoundation en Los \u00c1ngeles, y ha colaborado varias veces con los ganadores del premio Tony de \u201cHamilton\u201d y \u201cJersey\nBoys\u201d. Bradley cre\u00f3 Groove Theory, un marco que ayuda a l\u00edderes a crear entornos donde la productividad, la\ncreatividad y el bienestar prosperan. Su primer libro, Step in the Circle, saldr\u00e1 a la venta en la primavera de 2025.<\/h2>\t\t\t\t<\/div>\n\t\t\t\t<\/div>\n\t\t\t\t<\/div>\n\t\t<div class=\"elementor-element elementor-element-c117beb e-con-full e-flex e-con e-child\" data-id=\"c117beb\" data-element_type=\"container\" data-e-type=\"container\">\n\t\t\t\t<div class=\"elementor-element elementor-element-4d938f9 elementor-widget elementor-widget-image\" data-id=\"4d938f9\" data-element_type=\"widget\" data-e-type=\"widget\" data-widget_type=\"image.default\">\n\t\t\t\t<div class=\"elementor-widget-container\">\n\t\t\t\t\t\t\t\t\t\t\t\t\t\t\t<img fetchpriority=\"high\" decoding=\"async\" width=\"768\" height=\"768\" src=\"https:\/\/lacumbreglobaldeliderazgo.org\/wp-content\/uploads\/2025\/08\/medium-GLS25_Headshot_Bradley_Rapier.jpg\" class=\"attachment-large size-large wp-image-1492\" alt=\"\" srcset=\"https:\/\/lacumbreglobaldeliderazgo.org\/wp-content\/uploads\/2025\/08\/medium-GLS25_Headshot_Bradley_Rapier.jpg 768w, https:\/\/lacumbreglobaldeliderazgo.org\/wp-content\/uploads\/2025\/08\/medium-GLS25_Headshot_Bradley_Rapier-300x300.jpg 300w, https:\/\/lacumbreglobaldeliderazgo.org\/wp-content\/uploads\/2025\/08\/medium-GLS25_Headshot_Bradley_Rapier-150x150.jpg 150w\" sizes=\"(max-width: 768px) 100vw, 768px\" \/>\t\t\t\t\t\t\t\t\t\t\t\t\t\t\t<\/div>\n\t\t\t\t<\/div>\n\t\t\t\t<\/div>\n\t\t\t\t\t<\/div>\n\t\t\t\t<\/div>\n\t\t<div class=\"elementor-element elementor-element-fc20c1b elementor-hidden-desktop elementor-hidden-tablet e-flex e-con-boxed e-con e-parent\" data-id=\"fc20c1b\" data-element_type=\"container\" data-e-type=\"container\">\n\t\t\t\t\t<div class=\"e-con-inner\">\n\t\t<div class=\"elementor-element elementor-element-13e4843 e-con-full e-flex e-con e-child\" data-id=\"13e4843\" data-element_type=\"container\" data-e-type=\"container\">\n\t\t\t\t<div class=\"elementor-element elementor-element-b814b6a elementor-widget elementor-widget-heading\" data-id=\"b814b6a\" data-element_type=\"widget\" data-e-type=\"widget\" data-widget_type=\"heading.default\">\n\t\t\t\t<div class=\"elementor-widget-container\">\n\t\t\t\t\t<h2 class=\"elementor-heading-title elementor-size-default\">BRADLEY RAPIER<\/h2>\t\t\t\t<\/div>\n\t\t\t\t<\/div>\n\t\t\t\t<div class=\"elementor-element elementor-element-1920136 elementor-widget elementor-widget-heading\" data-id=\"1920136\" data-element_type=\"widget\" data-e-type=\"widget\" data-widget_type=\"heading.default\">\n\t\t\t\t<div class=\"elementor-widget-container\">\n\t\t\t\t\t<h2 class=\"elementor-heading-title elementor-size-default\">FUNDADOR, Groove Theory; CORE\u00d3GRAFO GALARDONADO\n\n<\/h2>\t\t\t\t<\/div>\n\t\t\t\t<\/div>\n\t\t\t\t<div class=\"elementor-element elementor-element-8863125 elementor-widget elementor-widget-heading\" data-id=\"8863125\" data-element_type=\"widget\" data-e-type=\"widget\" data-widget_type=\"heading.default\">\n\t\t\t\t<div class=\"elementor-widget-container\">\n\t\t\t\t\t<h2 class=\"elementor-heading-title elementor-size-default\">Bradley Rapier es un core\u00f3grafo galardonado y nominado a los Emmy, con m\u00e1s de tres\nd\u00e9cadas de experiencia en danza, producci\u00f3n y direcci\u00f3n de equipos y talentos, desde\nHollywood hasta Broadway. Ha participado como invitado en programas como The Ellen\nShow, So You Think You Can Dance y Dancing with the Stars. Tambi\u00e9n es creador de la\naclamada producci\u00f3n Off-Broadway GROOVALOO, director creativo de la Cantinas Arts\nFoundation en Los \u00c1ngeles, y ha colaborado varias veces con los ganadores del premio Tony de \u201cHamilton\u201d y \u201cJersey\nBoys\u201d. Bradley cre\u00f3 Groove Theory, un marco que ayuda a l\u00edderes a crear entornos donde la productividad, la\ncreatividad y el bienestar prosperan. Su primer libro, Step in the Circle, saldr\u00e1 a la venta en la primavera de 2025.<\/h2>\t\t\t\t<\/div>\n\t\t\t\t<\/div>\n\t\t\t\t<\/div>\n\t\t<div class=\"elementor-element elementor-element-687595f e-con-full e-flex e-con e-child\" data-id=\"687595f\" data-element_type=\"container\" data-e-type=\"container\">\n\t\t\t\t<div class=\"elementor-element elementor-element-f25a122 elementor-widget elementor-widget-image\" data-id=\"f25a122\" data-element_type=\"widget\" data-e-type=\"widget\" data-widget_type=\"image.default\">\n\t\t\t\t<div class=\"elementor-widget-container\">\n\t\t\t\t\t\t\t\t\t\t\t\t\t\t\t<img fetchpriority=\"high\" decoding=\"async\" width=\"768\" height=\"768\" src=\"https:\/\/lacumbreglobaldeliderazgo.org\/wp-content\/uploads\/2025\/08\/medium-GLS25_Headshot_Bradley_Rapier.jpg\" class=\"attachment-large size-large wp-image-1492\" alt=\"\" srcset=\"https:\/\/lacumbreglobaldeliderazgo.org\/wp-content\/uploads\/2025\/08\/medium-GLS25_Headshot_Bradley_Rapier.jpg 768w, https:\/\/lacumbreglobaldeliderazgo.org\/wp-content\/uploads\/2025\/08\/medium-GLS25_Headshot_Bradley_Rapier-300x300.jpg 300w, https:\/\/lacumbreglobaldeliderazgo.org\/wp-content\/uploads\/2025\/08\/medium-GLS25_Headshot_Bradley_Rapier-150x150.jpg 150w\" sizes=\"(max-width: 768px) 100vw, 768px\" \/>\t\t\t\t\t\t\t\t\t\t\t\t\t\t\t<\/div>\n\t\t\t\t<\/div>\n\t\t\t\t<\/div>\n\t\t\t\t\t<\/div>\n\t\t\t\t<\/div>\n\t\t<div class=\"elementor-element elementor-element-a787b7f elementor-hidden-tablet elementor-hidden-mobile e-flex e-con-boxed e-con e-parent\" data-id=\"a787b7f\" data-element_type=\"container\" data-e-type=\"container\" data-settings=\"{&quot;background_background&quot;:&quot;classic&quot;}\">\n\t\t\t\t\t<div class=\"e-con-inner\">\n\t\t\t\t<div class=\"elementor-element elementor-element-807a2e7 elementor-widget elementor-widget-heading\" data-id=\"807a2e7\" data-element_type=\"widget\" data-e-type=\"widget\" data-widget_type=\"heading.default\">\n\t\t\t\t<div class=\"elementor-widget-container\">\n\t\t\t\t\t<h2 class=\"elementor-heading-title elementor-size-default\">CHARLA DE BRADLEY: <br>ENTRA EN EL C\u00cdRCULO \n<\/h2>\t\t\t\t<\/div>\n\t\t\t\t<\/div>\n\t\t\t\t<div class=\"elementor-element elementor-element-9929397 elementor-widget elementor-widget-heading\" data-id=\"9929397\" data-element_type=\"widget\" data-e-type=\"widget\" data-widget_type=\"heading.default\">\n\t\t\t\t<div class=\"elementor-widget-container\">\n\t\t\t\t\t<h2 class=\"elementor-heading-title elementor-size-default\">Nuestra cultura enfrenta una epidemia de desinter\u00e9s. El miedo a la interacci\u00f3n aut\u00e9ntica y a entrar en\nsituaciones inc\u00f3modas nos est\u00e1 haciendo retroceder: nos deja estancados y desconectados, tanto personal\ncomo profesionalmente. Acompa\u00f1a a Bradley Rapier mientras se basa en su experiencia dentro de la\ncultura del hip-hop, desde Hollywood hasta Broadway, para desafiarte a repensar los l\u00edmites tradicionales\ny la manera en que nos relacionamos. Aprende a \u201centrar en el c\u00edrculo\u201d donde los equipos se reconectan, se\nreactivan y se unen en torno a un prop\u00f3sito.<\/h2>\t\t\t\t<\/div>\n\t\t\t\t<\/div>\n\t\t\t\t\t<\/div>\n\t\t\t\t<\/div>\n\t\t<div class=\"elementor-element elementor-element-b6ca01e elementor-hidden-desktop elementor-hidden-tablet e-flex e-con-boxed e-con e-parent\" data-id=\"b6ca01e\" data-element_type=\"container\" data-e-type=\"container\" data-settings=\"{&quot;background_background&quot;:&quot;classic&quot;}\">\n\t\t\t\t\t<div class=\"e-con-inner\">\n\t\t\t\t<div class=\"elementor-element elementor-element-9f404a2 elementor-widget elementor-widget-heading\" data-id=\"9f404a2\" data-element_type=\"widget\" data-e-type=\"widget\" data-widget_type=\"heading.default\">\n\t\t\t\t<div class=\"elementor-widget-container\">\n\t\t\t\t\t<h2 class=\"elementor-heading-title elementor-size-default\">CHARLA DE BRADLEY: <br>ENTRA EN EL C\u00cdRCULO \n<\/h2>\t\t\t\t<\/div>\n\t\t\t\t<\/div>\n\t\t\t\t<div class=\"elementor-element elementor-element-c35ef9d elementor-widget elementor-widget-heading\" data-id=\"c35ef9d\" data-element_type=\"widget\" data-e-type=\"widget\" data-widget_type=\"heading.default\">\n\t\t\t\t<div class=\"elementor-widget-container\">\n\t\t\t\t\t<h2 class=\"elementor-heading-title elementor-size-default\">Nuestra cultura enfrenta una epidemia de desinter\u00e9s. El miedo a la interacci\u00f3n aut\u00e9ntica y a entrar en\nsituaciones inc\u00f3modas nos est\u00e1 haciendo retroceder: nos deja estancados y desconectados, tanto personal\ncomo profesionalmente. Acompa\u00f1a a Bradley Rapier mientras se basa en su experiencia dentro de la\ncultura del hip-hop, desde Hollywood hasta Broadway, para desafiarte a repensar los l\u00edmites tradicionales\ny la manera en que nos relacionamos. Aprende a \u201centrar en el c\u00edrculo\u201d donde los equipos se reconectan, se\nreactivan y se unen en torno a un prop\u00f3sito.<\/h2>\t\t\t\t<\/div>\n\t\t\t\t<\/div>\n\t\t\t\t\t<\/div>\n\t\t\t\t<\/div>\n\t\t<div class=\"elementor-element elementor-element-767aeb2 e-flex e-con-boxed e-con e-parent\" data-id=\"767aeb2\" data-element_type=\"container\" data-e-type=\"container\">\n\t\t\t\t\t<div class=\"e-con-inner\">\n\t\t\t\t<div class=\"elementor-element elementor-element-807a3f6 elementor-align-center elementor-invisible elementor-widget elementor-widget-button\" data-id=\"807a3f6\" data-element_type=\"widget\" data-e-type=\"widget\" data-settings=\"{&quot;_animation&quot;:&quot;slideInUp&quot;}\" data-widget_type=\"button.default\">\n\t\t\t\t<div class=\"elementor-widget-container\">\n\t\t\t\t\t\t\t\t\t<div class=\"elementor-button-wrapper\">\n\t\t\t\t\t<a class=\"elementor-button elementor-button-link elementor-size-sm\" href=\"https:\/\/lacumbreglobaldeliderazgo.org\/?page_id=616\">\n\t\t\t\t\t\t<span class=\"elementor-button-content-wrapper\">\n\t\t\t\t\t\t\t\t\t<span class=\"elementor-button-text\">Volver oradores<\/span>\n\t\t\t\t\t<\/span>\n\t\t\t\t\t<\/a>\n\t\t\t\t<\/div>\n\t\t\t\t\t\t\t\t<\/div>\n\t\t\t\t<\/div>\n\t\t\t\t\t<\/div>\n\t\t\t\t<\/div>\n\t\t\t\t<\/div>\n\t\t","protected":false},"excerpt":{"rendered":"<p>BRADLEY RAPIER FUNDADOR, Groove Theory; CORE\u00d3GRAFO GALARDONADO Bradley Rapier es un core\u00f3grafo galardonado y nominado a los Emmy, con m\u00e1s de tres d\u00e9cadas de experiencia en danza, producci\u00f3n y direcci\u00f3n de equipos y talentos, desde Hollywood hasta Broadway. Ha participado como invitado en programas como The Ellen Show, So You Think You Can Dance y [&hellip;]<\/p>\n","protected":false},"author":2,"featured_media":0,"parent":0,"menu_order":0,"comment_status":"closed","ping_status":"closed","template":"elementor_header_footer","meta":{"om_disable_all_campaigns":false,"_monsterinsights_skip_tracking":false,"_monsterinsights_sitenote_active":false,"_monsterinsights_sitenote_note":"","_monsterinsights_sitenote_category":0,"footnotes":""},"class_list":["post-998","page","type-page","status-publish","hentry"],"aioseo_notices":[],"_links":{"self":[{"href":"https:\/\/lacumbreglobaldeliderazgo.org\/index.php?rest_route=\/wp\/v2\/pages\/998","targetHints":{"allow":["GET"]}}],"collection":[{"href":"https:\/\/lacumbreglobaldeliderazgo.org\/index.php?rest_route=\/wp\/v2\/pages"}],"about":[{"href":"https:\/\/lacumbreglobaldeliderazgo.org\/index.php?rest_route=\/wp\/v2\/types\/page"}],"author":[{"embeddable":true,"href":"https:\/\/lacumbreglobaldeliderazgo.org\/index.php?rest_route=\/wp\/v2\/users\/2"}],"replies":[{"embeddable":true,"href":"https:\/\/lacumbreglobaldeliderazgo.org\/index.php?rest_route=%2Fwp%2Fv2%2Fcomments&post=998"}],"version-history":[{"count":19,"href":"https:\/\/lacumbreglobaldeliderazgo.org\/index.php?rest_route=\/wp\/v2\/pages\/998\/revisions"}],"predecessor-version":[{"id":1719,"href":"https:\/\/lacumbreglobaldeliderazgo.org\/index.php?rest_route=\/wp\/v2\/pages\/998\/revisions\/1719"}],"wp:attachment":[{"href":"https:\/\/lacumbreglobaldeliderazgo.org\/index.php?rest_route=%2Fwp%2Fv2%2Fmedia&parent=998"}],"curies":[{"name":"wp","href":"https:\/\/api.w.org\/{rel}","templated":true}]}}